{"id":931,"date":"2021-04-15T20:15:32","date_gmt":"2021-04-15T19:15:32","guid":{"rendered":"http:\/\/www.proveritate.hu\/?page_id=931"},"modified":"2021-05-04T16:18:31","modified_gmt":"2021-05-04T15:18:31","slug":"jog-story-zsuri","status":"publish","type":"page","link":"https:\/\/www.proveritate.hu\/index.php\/jog-story-zsuri\/","title":{"rendered":"Jog Story Zs\u0171ri"},"content":{"rendered":"\n<p>Kateg\u00f3ria: Als\u00f3 tagozat (1-4. oszt\u00e1lyosok)<\/p>\n\n\n\n<iframe loading=\"lazy\" src=\"https:\/\/docs.google.com\/forms\/d\/e\/1FAIpQLSdMOD7ObrKs5UQ7_0Mn-0sPSftZwbTcFbtI56JZs4hmRdYaWA\/viewform?embedded=true\" width=\"640\" height=\"13214\" frameborder=\"0\" marginheight=\"0\" marginwidth=\"0\">Bet\u00f6lt\u00e9s\u2026<\/iframe>\n","protected":false},"excerpt":{"rendered":"<p>Kateg\u00f3ria: Als\u00f3 tagozat (1-4. oszt\u00e1lyosok) Bet\u00f6lt\u00e9s\u2026<\/p>\n","protected":false},"author":1,"featured_media":0,"parent":0,"menu_order":0,"comment_status":"closed","ping_status":"closed","template":"","meta":{"footnotes":""},"class_list":["post-931","page","type-page","status-publish","hentry"],"_links":{"self":[{"href":"https:\/\/www.proveritate.hu\/index.php\/wp-json\/wp\/v2\/pages\/931","targetHints":{"allow":["GET"]}}],"collection":[{"href":"https:\/\/www.proveritate.hu\/index.php\/wp-json\/wp\/v2\/pages"}],"about":[{"href":"https:\/\/www.proveritate.hu\/index.php\/wp-json\/wp\/v2\/types\/page"}],"author":[{"embeddable":true,"href":"https:\/\/www.proveritate.hu\/index.php\/wp-json\/wp\/v2\/users\/1"}],"replies":[{"embeddable":true,"href":"https:\/\/www.proveritate.hu\/index.php\/wp-json\/wp\/v2\/comments?post=931"}],"version-history":[{"count":5,"href":"https:\/\/www.proveritate.hu\/index.php\/wp-json\/wp\/v2\/pages\/931\/revisions"}],"predecessor-version":[{"id":965,"href":"https:\/\/www.proveritate.hu\/index.php\/wp-json\/wp\/v2\/pages\/931\/revisions\/965"}],"wp:attachment":[{"href":"https:\/\/www.proveritate.hu\/index.php\/wp-json\/wp\/v2\/media?parent=931"}],"curies":[{"name":"wp","href":"https:\/\/api.w.org\/{rel}","templated":true}]}}