{"id":5424,"date":"2025-08-13T18:40:48","date_gmt":"2025-08-13T16:40:48","guid":{"rendered":"https:\/\/www.proveritate.hu\/?page_id=5424"},"modified":"2025-08-13T19:07:03","modified_gmt":"2025-08-13T17:07:03","slug":"jogi-asszisztens","status":"publish","type":"page","link":"https:\/\/www.proveritate.hu\/index.php\/jogi-asszisztens\/","title":{"rendered":"Jogi asszisztens"},"content":{"rendered":"\n<p>\u00d6nk\u00e9ntes jogi asszisztenst keres\u00fcnk alkalomszer\u0171 tan\u00e1csad\u00f3i feladatok t\u00e1mogat\u00e1s\u00e1ra.<\/p>\n\n\n\n<p>Csatlakozz hozz\u00e1nk, \u00e9s seg\u00edts, hogy a jog mindenki sz\u00e1m\u00e1ra el\u00e9rhet\u0151 legyen! Egyes\u00fclet\u00fcnk d\u00edjmentes Jogseg\u00e9ly Szolg\u00e1lata m\u00e1r t\u00f6bb sz\u00e1z embernek ny\u00fajtott szakmai, p\u00e1rtatlan tan\u00e1csot \u2013 most T\u00e9ged is v\u00e1runk, hogy a helysz\u00edni konzult\u00e1ci\u00f3kon k\u00f6z\u00f6sen tegy\u00fcnk a jogbiztons\u00e1g\u00e9rt \u00e9s az \u00e1llampolg\u00e1ri jogok v\u00e9delm\u00e9\u00e9rt.<\/p>\n\n\n\n<p id=\"jelentkezes\">Jelentkez\u00e9sedet a lentebb tal\u00e1lhat\u00f3 \u0171rlap kit\u00f6lt\u00e9s\u00e9vel adhatod be. K\u00e9rj\u00fck, jelentkez\u00e9sed bek\u00fcld\u00e9se el\u0151tt olvasd el&nbsp;<a href=\"http:\/\/www.proveritate.hu\/index.php\/adatkezelesi-tajekoztato\/\">Adatkezel\u00e9si T\u00e1j\u00e9koztat\u00f3nkat<\/a>.<\/p>\n\n\n\n<h6 class=\"wp-block-heading\">A poz\u00edci\u00f3r\u00f3l<\/h6>\n\n\n\n<p>Egyes\u00fclet\u00fcnk 2021. \u00f3ta sikeresen m\u0171k\u00f6d\u0151 online Jogseg\u00e9ly Szolg\u00e1latot m\u0171k\u00f6dtet, amelynek keret\u00e9ben szakembereink, \u00fcgyint\u00e9z\u0151ink szakszer\u0171, p\u00e1rtatlan \u00e9s d\u00edjmentes tan\u00e1csad\u00e1st ny\u00fajtanak a hozz\u00e1nk fordul\u00f3 szem\u00e9lyek felmer\u00fcl\u0151 probl\u00e9m\u00e1ja, vit\u00e1s \u00fcgye, panasza vagy jogi relevanci\u00e1j\u00fa egy\u00e9b k\u00e9rd\u00e9se eset\u00e9n. A k\u00e9rd\u00e9sek k\u00f6re f\u0151k\u00e9nt birtokv\u00e9delem, tulajdonjog, b\u00fcntet\u0151jog, fogyaszt\u00f3v\u00e9delem, gy\u00e1ms\u00e1g, haszon\u00e9lvezeti jog, hat\u00f3s\u00e1gi enged\u00e9ly, munkajog, \u00f6r\u00f6kl\u00e9s, szerz\u0151d\u00e9sek, sz\u00fcl\u0151i fel\u00fcgyeleti jog, v\u00e1l\u00f3per, v\u00e9grehajt\u00e1s tematik\u00e1khoz kapcsol\u00f3dott. 2024-t\u0151l kezd\u0151d\u0151en Jogseg\u00e9ly Szolg\u00e1latunk tov\u00e1bb\u00e1 egyedi elb\u00edr\u00e1l\u00e1s alapj\u00e1n egyes be\u00e9rkez\u0151 megkeres\u00e9seket, \u00fcgyeket \u2013 els\u0151sorban az \u00e9rintettj\u00e9re (pl. kiszolg\u00e1ltatott helyzetben l\u00e9v\u0151 szem\u00e9ly, gyermek, fiatal, fogyaszt\u00f3, munkav\u00e1llal\u00f3, \u00e1ldozat), jelleg\u00e9re, illetve egy\u00e9b fontos szempontokra figyelemmel megb\u00edz\u00e1s keret\u00e9ben elv\u00e1llal. E tev\u00e9kenys\u00e9g\u00fcnkkel hozz\u00e1j\u00e1rulunk ahhoz, hogy a t\u00e1rsadalom sz\u00e1m\u00e1ra hasznos funkci\u00f3t l\u00e1ssunk el, mialatt az emberek, civilek jogainak v\u00e9delme, valamint a helyi k\u00f6z\u00f6ss\u00e9gek jogbiztons\u00e1ga is er\u0151s\u00f6dik.<\/p>\n\n\n\n<p>Fenti tev\u00e9kenys\u00e9g\u00fcnk kiterjeszt\u00e9se, illetve kieg\u00e9sz\u00edt\u00e9se \u00e9rdek\u00e9ben alkalomszer\u0171en (helyi vagy k\u00f6z\u00f6ss\u00e9gi esem\u00e9nyeken, rendezv\u00e9nyeken stb.) szem\u00e9lyes konzult\u00e1ci\u00f3s lehet\u0151s\u00e9get is biztos\u00edtunk, amelynek keret\u00e9ben a hozz\u00e1nk fordul\u00f3 \u00fcgyfeleink k\u00f6zvetlen\u00fcl folyamodhatnak tan\u00e1csaink\u00e9rt. Azon \u00fcgyeket, k\u00e9rd\u00e9seket, amelyek jelleg\u00fckn\u00e9l fogva nem v\u00e1laszolhat\u00f3k meg r\u00f6viden \u00e9s k\u00f6zvetlen\u00fcl, a r\u00e9sztvev\u0151 \u00f6nk\u00e9nteseink \u00faj \u00fcgyk\u00e9nt veszik fel, amelyet k\u00e9s\u0151bb Jogseg\u00e9ly Szolg\u00e1latunk szolg\u00e1ltat\u00e1sa keret\u00e9ben a Szolg\u00e1lat munkat\u00e1rsai szakszer\u0171en fognak megv\u00e1laszolni.<\/p>\n\n\n\n<p>Legk\u00f6zelebbi esem\u00e9nyek (tervezett, a teljess\u00e9g ig\u00e9nye n\u00e9lk\u00fcl):<\/p>\n\n\n\n<ul class=\"wp-block-list\">\n<li>2025. augusztus 30. &#8211; K\u00f3ka (Pest v\u00e1rmegye)<\/li>\n<\/ul>\n\n\n\n<h6 class=\"wp-block-heading\">Jogi asszisztens munkat\u00e1rsunk feladatai lesznek<\/h6>\n\n\n\n<p>Jogi asszisztens munkat\u00e1rsunk feladata els\u0151sorban a v\u00e1laszt\u00e1sa szerinti helyi \u00e9s k\u00f6z\u00f6ss\u00e9gi esem\u00e9nyeken, rendezv\u00e9nyeken val\u00f3 r\u00e9szv\u00e9tel, ahol a jogkeres\u0151 k\u00f6z\u00f6ns\u00e9get az el\u0151re meghat\u00e1rozott keretek k\u00f6z\u00f6tt \u00e9s m\u00f3don seg\u00edti. Jogi asszisztens\u00fcnk a jogi el\u0151ad\u00f3inkhoz fordul\u00f3 szem\u00e9lyek probl\u00e9m\u00e1j\u00e1nak, k\u00e9rd\u00e9s\u00e9nek r\u00f6gz\u00edt\u00e9s\u00e9ben k\u00f6zrem\u0171k\u00f6dik, majd k\u00f6zrem\u0171k\u00f6dik abban, hogy az \u00fcgyeket az Egyes\u00fclet bels\u0151 rendszer\u00e9n bel\u00fcl tov\u00e1bb\u00edtja a Jogseg\u00e9ly Szolg\u00e1lat munkat\u00e1rsai fel\u00e9 a k\u00e9s\u0151bbi szakszer\u0171 megv\u00e1laszol\u00e1s \u00e9rdek\u00e9ben.<\/p>\n\n\n\n<p>Jogi asszisztens\u00fcnknek kulcsszerepe van abban, hogy a jogi tan\u00e1csad\u00e1s g\u00f6rd\u00fcl\u00e9keny \u00e9s hat\u00e9kony legyen: az \u00fcgyiratok el\u0151k\u00e9sz\u00edt\u00e9s\u00e9ben \u00e9s rendszerez\u00e9s\u00e9ben, be\u00e9rkez\u0151 \u00fcgyek adatainak r\u00f6gz\u00edt\u00e9s\u00e9ben, nyilv\u00e1ntart\u00e1sok kezel\u00e9s\u00e9ben, konzult\u00e1ci\u00f3k sor\u00e1n jegyzetek k\u00e9sz\u00edt\u00e9s\u00e9ben, \u00fcgyfeleink t\u00e1j\u00e9koztat\u00e1s\u00e1ban \u00e9s a sz\u00ednvonalas kiszolg\u00e1l\u00e1sban ny\u00fajt t\u00e1mogat\u00e1st.<\/p>\n\n\n\n<p>Jogi asszisztens\u00fcnk rugalmas \u00f3rasz\u00e1mban v\u00e9gzi tev\u00e9kenys\u00e9g\u00e9t, el\u0151re egyeztet\u00e9s alapj\u00e1n hosszabb-r\u00f6videbb id\u0151re (az esem\u00e9ny teljes idej\u00e9re vagy annak csak r\u00e9sz\u00e9re) vesz r\u00e9szt a k\u00f6z\u00f6s munk\u00e1ban.<\/p>\n\n\n\n<p>Jogi asszisztens\u00fcnk legfontosabb feladata: a mosoly &#8211; ez mindig seg\u00edt \u00e9s biztos\u00edtja a magas min\u0151s\u00e9g\u0171 \u00e9lm\u00e9nyt a r\u00e9sztvev\u0151knek.<\/p>\n\n\n\n<h6 class=\"wp-block-heading\">Elv\u00e1r\u00e1saink leend\u0151 jogi asszisztens\u00fcnkt\u0151l<\/h6>\n\n\n\n<ul class=\"wp-block-list\">\n<li>Megb\u00edzhat\u00f3s\u00e1g \u00e9s pontos kommunik\u00e1ci\u00f3<\/li>\n\n\n\n<li>Empatikus, nyitott \u00e9s seg\u00edt\u0151k\u00e9sz hozz\u00e1\u00e1ll\u00e1s<\/li>\n\n\n\n<li>Alkalomszer\u0171 id\u0151r\u00e1ford\u00edt\u00e1s a k\u00f6z\u00f6s egyeztet\u00e9seknek \u00e9s a kijel\u00f6lt esem\u00e9nyeknek megfelel\u0151en<\/li>\n\n\n\n<li>El\u0151ny: jogi vagy k\u00f6zigazgat\u00e1si tanulm\u00e1nyok, \u00fcgyint\u00e9z\u0151i tapasztalat<\/li>\n\n\n\n<li>A rendezv\u00e9nyhez ill\u0151 megjelen\u00e9s<\/li>\n<\/ul>\n\n\n\n<h6 class=\"wp-block-heading\">Amit k\u00edn\u00e1lunk jogi asszisztens\u00fcnknek<\/h6>\n\n\n\n<ul class=\"wp-block-list\">\n<li>\u00d6nk\u00e9ntes jogviszony alapj\u00e1n t\u00f6rt\u00e9n\u0151 foglalkoztat\u00e1s, jogviszonyigazol\u00e1s, referencia a k\u00e9s\u0151bbi p\u00e1ly\u00e1zatokhoz vagy munkav\u00e1llal\u00e1shoz<\/li>\n\n\n\n<li>Szakmai t\u00e1mogat\u00e1s \u00e9s felk\u00e9sz\u00edt\u00e9s a feladatok ell\u00e1t\u00e1s\u00e1hoz, szakmai fejl\u0151d\u00e9s, tapasztalatszerz\u00e9s tapasztalt jog\u00e1szok \u00e9s jogi el\u0151ad\u00f3k k\u00f6z\u00f6tt<\/li>\n\n\n\n<li>Rugalmas beoszt\u00e1s az esem\u00e9nyekhez igazodva<\/li>\n\n\n\n<li>Val\u00f3di t\u00e1rsadalmi hat\u00e1ssal b\u00edr\u00f3, \u00e9rt\u00e9kteremt\u0151 \u00f6nk\u00e9ntes munka<\/li>\n\n\n\n<li>Fiatalos, t\u00e1mogat\u00f3, csal\u00e1dias, tov\u00e1bb\u00e1 inspir\u00e1l\u00f3, jogv\u00e9delem ir\u00e1nt elk\u00f6telezett k\u00f6z\u00f6ss\u00e9g<\/li>\n<\/ul>\n\n\n\n<h6 class=\"wp-block-heading\">Jelentkez\u00e9s<\/h6>\n\n\n\n<div class=\"wpcf7 no-js\" id=\"wpcf7-f5422-o1\" lang=\"hu-HU\" dir=\"ltr\" data-wpcf7-id=\"5422\">\n<div class=\"screen-reader-response\"><p role=\"status\" aria-live=\"polite\" aria-atomic=\"true\"><\/p> <ul><\/ul><\/div>\n<form action=\"\/index.php\/wp-json\/wp\/v2\/pages\/5424#wpcf7-f5422-o1\" method=\"post\" class=\"wpcf7-form init\" aria-label=\"Kapcsolatfelv\u00e9teli \u0171rlap\" enctype=\"multipart\/form-data\" novalidate=\"novalidate\" data-status=\"init\">\n<fieldset class=\"hidden-fields-container\"><input type=\"hidden\" name=\"_wpcf7\" value=\"5422\" \/><input type=\"hidden\" name=\"_wpcf7_version\" value=\"6.1.5\" \/><input type=\"hidden\" name=\"_wpcf7_locale\" value=\"hu_HU\" \/><input type=\"hidden\" name=\"_wpcf7_unit_tag\" value=\"wpcf7-f5422-o1\" \/><input type=\"hidden\" name=\"_wpcf7_container_post\" value=\"0\" \/><input type=\"hidden\" name=\"_wpcf7_posted_data_hash\" value=\"\" \/><input type=\"hidden\" name=\"_wpcf7cf_hidden_group_fields\" value=\"[]\" \/><input type=\"hidden\" name=\"_wpcf7cf_hidden_groups\" value=\"[]\" \/><input type=\"hidden\" name=\"_wpcf7cf_visible_groups\" value=\"[]\" \/><input type=\"hidden\" name=\"_wpcf7cf_repeaters\" value=\"[]\" \/><input type=\"hidden\" name=\"_wpcf7cf_steps\" value=\"{}\" \/><input type=\"hidden\" name=\"_wpcf7cf_options\" value=\"{&quot;form_id&quot;:5422,&quot;conditions&quot;:[],&quot;settings&quot;:{&quot;animation&quot;:&quot;yes&quot;,&quot;animation_intime&quot;:&quot;200&quot;,&quot;animation_outtime&quot;:&quot;200&quot;,&quot;conditions_ui&quot;:&quot;normal&quot;,&quot;notice_dismissed&quot;:&quot;&quot;}}\" \/><input type=\"hidden\" name=\"_yeeaddons_cf7_repeater_fields\" value=\"\" \/><input type=\"hidden\" name=\"_wpcf7_recaptcha_response\" value=\"\" \/>\n<\/fieldset>\n<p><i>FIGYELEM! A *-gal jel\u00f6lt mez\u0151k kit\u00f6lt\u00e9se k\u00f6telez\u0151.<\/i>\n<\/p>\n<p><label> N\u00e9v *<br \/>\n<span class=\"wpcf7-form-control-wrap\" data-name=\"nev\"><input size=\"40\" maxlength=\"400\" class=\"wpcf7-form-control wpcf7-text wpcf7-validates-as-required\" aria-required=\"true\" aria-invalid=\"false\" value=\"\" type=\"text\" name=\"nev\" \/><\/span> <\/label>\n<\/p>\n<p><label> E-mail c\u00edm *<br \/>\n<span class=\"wpcf7-form-control-wrap\" data-name=\"email-441\"><input size=\"40\" maxlength=\"400\" class=\"wpcf7-form-control wpcf7-email wpcf7-validates-as-required wpcf7-text wpcf7-validates-as-email\" aria-required=\"true\" aria-invalid=\"false\" value=\"\" type=\"email\" name=\"email-441\" \/><\/span> <\/label>\n<\/p>\n<p><label> E-mail c\u00edm meger\u0151s\u00edt\u00e9s *<br \/>\n<span class=\"wpcf7-form-control-wrap\" data-name=\"email-442\"><input size=\"40\" maxlength=\"400\" class=\"wpcf7-form-control wpcf7-email wpcf7-validates-as-required wpcf7-text wpcf7-validates-as-email\" aria-required=\"true\" aria-invalid=\"false\" value=\"\" type=\"email\" name=\"email-442\" \/><\/span> <\/label>\n<\/p>\n<p><label> T\u00e1rgy (t\u00f6bbet is megjel\u00f6lhet) *<br \/>\n<span class=\"wpcf7-form-control-wrap\" data-name=\"menu-665\"><select class=\"wpcf7-form-control wpcf7-select wpcf7-validates-as-required\" aria-required=\"true\" aria-invalid=\"false\" multiple=\"multiple\" name=\"menu-665[]\"><option value=\"Jogi el\u0151ad\u00f3\">Jogi el\u0151ad\u00f3<\/option><option value=\"Jogi asszisztens\">Jogi asszisztens<\/option><\/select><\/span> <\/label>\n<\/p>\n<p><label> Telefonsz\u00e1m *<br \/>\n<span class=\"wpcf7-form-control-wrap\" data-name=\"tel-458\"><input size=\"40\" maxlength=\"400\" class=\"wpcf7-form-control wpcf7-tel wpcf7-validates-as-required wpcf7-text wpcf7-validates-as-tel\" aria-required=\"true\" aria-invalid=\"false\" value=\"\" type=\"tel\" name=\"tel-458\" \/><\/span><\/label>\n<\/p>\n<p><label> Motiv\u00e1ci\u00f3 *<br \/>\n<span class=\"wpcf7-form-control-wrap\" data-name=\"your-message\"><textarea cols=\"40\" rows=\"10\" maxlength=\"2000\" class=\"wpcf7-form-control wpcf7-textarea wpcf7-validates-as-required\" aria-required=\"true\" aria-invalid=\"false\" name=\"your-message\"><\/textarea><\/span> <\/label>\n<\/p>\n<p><label> \u00dczenet (nem k\u00f6telez\u0151)<br \/>\n<span class=\"wpcf7-form-control-wrap\" data-name=\"your-message2\"><textarea cols=\"40\" rows=\"10\" maxlength=\"2000\" class=\"wpcf7-form-control wpcf7-textarea\" aria-invalid=\"false\" name=\"your-message2\"><\/textarea><\/span> <\/label>\n<\/p>\n<p><label> \u00d6n\u00e9letrajz csatol\u00e1sa * (pdf)<br \/>\n<span class=\"wpcf7-form-control-wrap\" data-name=\"file-233\"><input size=\"40\" class=\"wpcf7-form-control wpcf7-file\" accept=\".pdf\" aria-invalid=\"false\" type=\"file\" name=\"file-233\" \/><\/span><\/label>\n<\/p>\n<p><span class=\"wpcf7-form-control-wrap\" data-name=\"acceptance-295\"><span class=\"wpcf7-form-control wpcf7-acceptance\"><span class=\"wpcf7-list-item\"><label><input type=\"checkbox\" name=\"acceptance-295\" value=\"1\" aria-invalid=\"false\" \/><span class=\"wpcf7-list-item-label\">Kijelentem, hogy elolvastam \u00e9s meg\u00e9rtettem a Pro Veritate K\u00f6zhaszn\u00fa Egyes\u00fclet <a href=\"https:\/\/www.proveritate.hu\/index.php\/adatkezelesi-tajekoztato\/\">Adatkezel\u00e9si T\u00e1j\u00e9koztat\u00f3<\/a>j\u00e1t, amely alapj\u00e1n hozz\u00e1j\u00e1rul\u00e1somat adom a szem\u00e9lyes adataim kezel\u00e9s\u00e9hez. *<\/span><\/label><\/span><\/span><\/span>\n<\/p>\n<p><span class=\"wpcf7-form-control-wrap\" data-name=\"checkbox-432\"><span class=\"wpcf7-form-control wpcf7-checkbox\"><span class=\"wpcf7-list-item first last\"><label><input type=\"checkbox\" name=\"checkbox-432[]\" value=\"Kifejezetten hozz\u00e1j\u00e1rulok, hogy a felv\u00e9teli elj\u00e1r\u00e1s megkezd\u00e9s\u00e9vel az \u00e1ltalam megadott adatokat a Pro Veritate K\u00f6zhaszn\u00fa Egyes\u00fclet 2 \u00e9vig kezelje, illetve t\u00e1rolja annak \u00e9rdek\u00e9ben, hogy \u00fajabb, hasonl\u00f3 lehet\u0151s\u00e9ggel megkereshessenek; adataimat ezt k\u00f6vet\u0151en t\u00f6r\u00f6lje.\" \/><span class=\"wpcf7-list-item-label\">Kifejezetten hozz\u00e1j\u00e1rulok, hogy a felv\u00e9teli elj\u00e1r\u00e1s megkezd\u00e9s\u00e9vel az \u00e1ltalam megadott adatokat a Pro Veritate K\u00f6zhaszn\u00fa Egyes\u00fclet 2 \u00e9vig kezelje, illetve t\u00e1rolja annak \u00e9rdek\u00e9ben, hogy \u00fajabb, hasonl\u00f3 lehet\u0151s\u00e9ggel megkereshessenek; adataimat ezt k\u00f6vet\u0151en t\u00f6r\u00f6lje.<\/span><\/label><\/span><\/span><\/span>\n<\/p>\n<p><input class=\"wpcf7-form-control wpcf7-submit has-spinner\" type=\"submit\" value=\"Bek\u00fcld\u00e9s\" \/>\n<\/p><div class=\"wpcf7-response-output\" aria-hidden=\"true\"><\/div>\n<\/form>\n<\/div>\n\n\n\n\n<p><em>Amennyiben a jelentkez\u00e9si \u0171rlappal, annak el\u00e9r\u00e9s\u00e9vel probl\u00e9ma mer\u00fclne f\u00f6l, k\u00e9rj\u00fck, azt az&nbsp;<a href=\"mailto:elnokseg@proveritate.hu\">elnokseg@proveritate.hu<\/a>&nbsp;e-mail c\u00edmen jelezze!<\/em><\/p>\n","protected":false},"excerpt":{"rendered":"<p>\u00d6nk\u00e9ntes jogi asszisztenst keres\u00fcnk alkalomszer\u0171 tan\u00e1csad\u00f3i feladatok t\u00e1mogat\u00e1s\u00e1ra. Csatlakozz hozz\u00e1nk, \u00e9s seg\u00edts, hogy a jog mindenki sz\u00e1m\u00e1ra el\u00e9rhet\u0151 legyen! Egyes\u00fclet\u00fcnk d\u00edjmentes Jogseg\u00e9ly Szolg\u00e1lata m\u00e1r t\u00f6bb sz\u00e1z embernek ny\u00fajtott szakmai, p\u00e1rtatlan tan\u00e1csot \u2013 most T\u00e9ged is v\u00e1runk, hogy a helysz\u00edni konzult\u00e1ci\u00f3kon k\u00f6z\u00f6sen tegy\u00fcnk a jogbiztons\u00e1g\u00e9rt \u00e9s az \u00e1llampolg\u00e1ri jogok v\u00e9delm\u00e9\u00e9rt. Jelentkez\u00e9sedet a lentebb tal\u00e1lhat\u00f3 \u0171rlap kit\u00f6lt\u00e9s\u00e9vel adhatod be. K\u00e9rj\u00fck, jelentkez\u00e9sed bek\u00fcld\u00e9se el\u0151tt olvasd el&nbsp;Adatkezel\u00e9si T\u00e1j\u00e9koztat\u00f3nkat. A poz\u00edci\u00f3r\u00f3l Egyes\u00fclet\u00fcnk 2021. \u00f3ta sikeresen m\u0171k\u00f6d\u0151 online Jogseg\u00e9ly Szolg\u00e1latot m\u0171k\u00f6dtet, amelynek keret\u00e9ben szakembereink, \u00fcgyint\u00e9z\u0151ink szakszer\u0171, p\u00e1rtatlan \u00e9s d\u00edjmentes tan\u00e1csad\u00e1st ny\u00fajtanak a hozz\u00e1nk fordul\u00f3 szem\u00e9lyek felmer\u00fcl\u0151 probl\u00e9m\u00e1ja, vit\u00e1s \u00fcgye, panasza vagy jogi relevanci\u00e1j\u00fa egy\u00e9b k\u00e9rd\u00e9se eset\u00e9n. A k\u00e9rd\u00e9sek k\u00f6re f\u0151k\u00e9nt birtokv\u00e9delem, tulajdonjog, b\u00fcntet\u0151jog, fogyaszt\u00f3v\u00e9delem, gy\u00e1ms\u00e1g, haszon\u00e9lvezeti jog, hat\u00f3s\u00e1gi enged\u00e9ly, munkajog, \u00f6r\u00f6kl\u00e9s, szerz\u0151d\u00e9sek, sz\u00fcl\u0151i fel\u00fcgyeleti jog, v\u00e1l\u00f3per, v\u00e9grehajt\u00e1s tematik\u00e1khoz kapcsol\u00f3dott. 2024-t\u0151l kezd\u0151d\u0151en Jogseg\u00e9ly Szolg\u00e1latunk tov\u00e1bb\u00e1 egyedi elb\u00edr\u00e1l\u00e1s alapj\u00e1n egyes be\u00e9rkez\u0151 megkeres\u00e9seket, \u00fcgyeket \u2013 els\u0151sorban az \u00e9rintettj\u00e9re (pl. kiszolg\u00e1ltatott helyzetben l\u00e9v\u0151 szem\u00e9ly, gyermek, fiatal, fogyaszt\u00f3, munkav\u00e1llal\u00f3, \u00e1ldozat), jelleg\u00e9re, illetve egy\u00e9b fontos szempontokra figyelemmel megb\u00edz\u00e1s keret\u00e9ben elv\u00e1llal. E tev\u00e9kenys\u00e9g\u00fcnkkel hozz\u00e1j\u00e1rulunk ahhoz, hogy a t\u00e1rsadalom sz\u00e1m\u00e1ra hasznos funkci\u00f3t l\u00e1ssunk el, mialatt az emberek, civilek jogainak v\u00e9delme, valamint a helyi k\u00f6z\u00f6ss\u00e9gek jogbiztons\u00e1ga is er\u0151s\u00f6dik. Fenti tev\u00e9kenys\u00e9g\u00fcnk kiterjeszt\u00e9se, illetve kieg\u00e9sz\u00edt\u00e9se \u00e9rdek\u00e9ben alkalomszer\u0171en (helyi vagy k\u00f6z\u00f6ss\u00e9gi esem\u00e9nyeken, rendezv\u00e9nyeken stb.) szem\u00e9lyes konzult\u00e1ci\u00f3s lehet\u0151s\u00e9get is biztos\u00edtunk, amelynek keret\u00e9ben a hozz\u00e1nk fordul\u00f3 \u00fcgyfeleink k\u00f6zvetlen\u00fcl folyamodhatnak tan\u00e1csaink\u00e9rt. Azon \u00fcgyeket, k\u00e9rd\u00e9seket, amelyek jelleg\u00fckn\u00e9l fogva nem v\u00e1laszolhat\u00f3k meg r\u00f6viden \u00e9s k\u00f6zvetlen\u00fcl, a r\u00e9sztvev\u0151 \u00f6nk\u00e9nteseink \u00faj \u00fcgyk\u00e9nt veszik fel, amelyet k\u00e9s\u0151bb Jogseg\u00e9ly Szolg\u00e1latunk szolg\u00e1ltat\u00e1sa keret\u00e9ben a Szolg\u00e1lat munkat\u00e1rsai szakszer\u0171en fognak megv\u00e1laszolni. Legk\u00f6zelebbi esem\u00e9nyek (tervezett, a teljess\u00e9g ig\u00e9nye n\u00e9lk\u00fcl): Jogi asszisztens munkat\u00e1rsunk feladatai lesznek Jogi asszisztens munkat\u00e1rsunk feladata els\u0151sorban a v\u00e1laszt\u00e1sa szerinti helyi \u00e9s k\u00f6z\u00f6ss\u00e9gi esem\u00e9nyeken, rendezv\u00e9nyeken val\u00f3 r\u00e9szv\u00e9tel, ahol a jogkeres\u0151 k\u00f6z\u00f6ns\u00e9get az el\u0151re meghat\u00e1rozott keretek k\u00f6z\u00f6tt \u00e9s m\u00f3don seg\u00edti. Jogi asszisztens\u00fcnk a jogi el\u0151ad\u00f3inkhoz fordul\u00f3 szem\u00e9lyek probl\u00e9m\u00e1j\u00e1nak, k\u00e9rd\u00e9s\u00e9nek r\u00f6gz\u00edt\u00e9s\u00e9ben k\u00f6zrem\u0171k\u00f6dik, majd k\u00f6zrem\u0171k\u00f6dik abban, hogy az \u00fcgyeket az Egyes\u00fclet bels\u0151 rendszer\u00e9n bel\u00fcl tov\u00e1bb\u00edtja a Jogseg\u00e9ly Szolg\u00e1lat munkat\u00e1rsai fel\u00e9 a k\u00e9s\u0151bbi szakszer\u0171 megv\u00e1laszol\u00e1s \u00e9rdek\u00e9ben. Jogi asszisztens\u00fcnknek kulcsszerepe van abban, hogy a jogi tan\u00e1csad\u00e1s g\u00f6rd\u00fcl\u00e9keny \u00e9s hat\u00e9kony legyen: az \u00fcgyiratok el\u0151k\u00e9sz\u00edt\u00e9s\u00e9ben \u00e9s rendszerez\u00e9s\u00e9ben, be\u00e9rkez\u0151 \u00fcgyek adatainak r\u00f6gz\u00edt\u00e9s\u00e9ben, nyilv\u00e1ntart\u00e1sok kezel\u00e9s\u00e9ben, konzult\u00e1ci\u00f3k sor\u00e1n jegyzetek k\u00e9sz\u00edt\u00e9s\u00e9ben, \u00fcgyfeleink t\u00e1j\u00e9koztat\u00e1s\u00e1ban \u00e9s a sz\u00ednvonalas kiszolg\u00e1l\u00e1sban ny\u00fajt t\u00e1mogat\u00e1st. Jogi asszisztens\u00fcnk rugalmas \u00f3rasz\u00e1mban v\u00e9gzi tev\u00e9kenys\u00e9g\u00e9t, el\u0151re egyeztet\u00e9s alapj\u00e1n hosszabb-r\u00f6videbb id\u0151re (az esem\u00e9ny teljes idej\u00e9re vagy annak csak r\u00e9sz\u00e9re) vesz r\u00e9szt a k\u00f6z\u00f6s munk\u00e1ban. Jogi asszisztens\u00fcnk legfontosabb feladata: a mosoly &#8211; ez mindig seg\u00edt \u00e9s biztos\u00edtja a magas min\u0151s\u00e9g\u0171 \u00e9lm\u00e9nyt a r\u00e9sztvev\u0151knek. Elv\u00e1r\u00e1saink leend\u0151 jogi asszisztens\u00fcnkt\u0151l Amit k\u00edn\u00e1lunk jogi asszisztens\u00fcnknek Jelentkez\u00e9s Amennyiben a jelentkez\u00e9si \u0171rlappal, annak el\u00e9r\u00e9s\u00e9vel probl\u00e9ma mer\u00fclne f\u00f6l, k\u00e9rj\u00fck, azt az&nbsp;elnokseg@proveritate.hu&nbsp;e-mail c\u00edmen jelezze!<\/p>\n","protected":false},"author":1,"featured_media":0,"parent":0,"menu_order":0,"comment_status":"closed","ping_status":"closed","template":"","meta":{"footnotes":""},"class_list":["post-5424","page","type-page","status-publish","hentry"],"_links":{"self":[{"href":"https:\/\/www.proveritate.hu\/index.php\/wp-json\/wp\/v2\/pages\/5424","targetHints":{"allow":["GET"]}}],"collection":[{"href":"https:\/\/www.proveritate.hu\/index.php\/wp-json\/wp\/v2\/pages"}],"about":[{"href":"https:\/\/www.proveritate.hu\/index.php\/wp-json\/wp\/v2\/types\/page"}],"author":[{"embeddable":true,"href":"https:\/\/www.proveritate.hu\/index.php\/wp-json\/wp\/v2\/users\/1"}],"replies":[{"embeddable":true,"href":"https:\/\/www.proveritate.hu\/index.php\/wp-json\/wp\/v2\/comments?post=5424"}],"version-history":[{"count":2,"href":"https:\/\/www.proveritate.hu\/index.php\/wp-json\/wp\/v2\/pages\/5424\/revisions"}],"predecessor-version":[{"id":5429,"href":"https:\/\/www.proveritate.hu\/index.php\/wp-json\/wp\/v2\/pages\/5424\/revisions\/5429"}],"wp:attachment":[{"href":"https:\/\/www.proveritate.hu\/index.php\/wp-json\/wp\/v2\/media?parent=5424"}],"curies":[{"name":"wp","href":"https:\/\/api.w.org\/{rel}","templated":true}]}}