{"id":4537,"date":"2025-04-19T18:35:09","date_gmt":"2025-04-19T16:35:09","guid":{"rendered":"https:\/\/www.proveritate.hu\/?page_id=4537"},"modified":"2025-04-23T23:26:57","modified_gmt":"2025-04-23T21:26:57","slug":"informacios-munkatars","status":"publish","type":"page","link":"https:\/\/www.proveritate.hu\/index.php\/informacios-munkatars\/","title":{"rendered":"Inform\u00e1ci\u00f3s munkat\u00e1rs"},"content":{"rendered":"\n<p>\u00d6nk\u00e9ntes inform\u00e1ci\u00f3s munkat\u00e1rsat keres\u00fcnk a Jog Story 3 eredm\u00e9nyhirdet\u00e9s \u00e9s d\u00edj\u00e1tad\u00f3 rendezv\u00e9ny\u00e9re.<\/p>\n\n\n\n<p id=\"jelentkezes\">Jelentkez\u00e9s\u00e9t a lentebb tal\u00e1lhat\u00f3 \u0171rlap kit\u00f6lt\u00e9s\u00e9vel adhatja be. K\u00e9rj\u00fck, jelentkez\u00e9s\u00e9nek bek\u00fcld\u00e9se el\u0151tt olvassa el&nbsp;<a href=\"http:\/\/www.proveritate.hu\/index.php\/adatkezelesi-tajekoztato\/\">Adatkezel\u00e9si T\u00e1j\u00e9koztat\u00f3nkat<\/a>.<\/p>\n\n\n\n<h6 class=\"wp-block-heading\">A poz\u00edci\u00f3r\u00f3l<\/h6>\n\n\n\n<p>Egyes\u00fclet\u00fcnk \u00e1ltal\u00e1nos iskol\u00e1s kor\u00fa gyermekek sz\u00e1m\u00e1ra nagyszab\u00e1s\u00fa, nemzetk\u00f6zi rajzversenyt hirdetett meg \u2013 imm\u00e1ron 3. alkalommal \u2013, amelyen a gyermekek elmes\u00e9lhetnek egy&nbsp;<em>jog story<\/em>t, vagy \u00e9pp kifejezheti elk\u00e9pzel\u00e9s\u00e9t a jog vil\u00e1g\u00e1r\u00f3l. C\u00e9lunk, hogy seg\u00edts\u00fcnk a fejl\u0151d\u00e9sben \u00e9s nevel\u00e9sben, mialatt k\u00f6z\u00f6sen csalunk mosolyt egy gyermek arc\u00e1ra. A p\u00e1ly\u00e1zaton \u00e1ltal\u00e1nos iskol\u00e1s kor\u00fa gyermekek vehetnek r\u00e9szt b\u00e1rmilyen anyaggal vagy technik\u00e1val k\u00e9sz\u00fcl alkot\u00e1ssal h\u00e1rom kateg\u00f3ri\u00e1ban (als\u00f3 tagozatos, fels\u0151 tagozatos, gy\u00f3gypedag\u00f3giai vagy speci\u00e1lis iskol\u00e1ba j\u00e1r\u00f3, h\u00e1tr\u00e1nyos helyzet\u0171 gyermekek). B\u0151vebben: <a href=\"https:\/\/jogstory.proveritate.hu\/\">https:\/\/jogstory.proveritate.hu\/<\/a>. A p\u00e1ly\u00e1zat eredm\u00e9nyeinek kihirdet\u00e9s\u00e9re \u00e9s az \u00fcnnep\u00e9lyes d\u00edj\u00e1tad\u00f3 rendezv\u00e9nyre 2025. j\u00falius 5. napj\u00e1n ker\u00fcl sor Budapest F\u0151v\u00e1ros XVIII. ker\u00fclet Pestszentl\u0151rinc-Pestszentimre \u00d6nkorm\u00e1nyzata t\u00e1mogat\u00e1s\u00e1val a <strong>Pestszentimrei K\u00f6z\u00f6ss\u00e9gi H\u00e1zban<\/strong> (1188 Budapest, Vas\u00fat utca 48.).<\/p>\n\n\n\n<h6 class=\"wp-block-heading\">Inform\u00e1ci\u00f3s munkat\u00e1rsunk feladatai lesznek<\/h6>\n\n\n\n<p>Az inform\u00e1ci\u00f3s munkat\u00e1rsunk feladata els\u0151sorban t\u00e1j\u00e9koztat\u00e1s ny\u00fajt\u00e1sa \u00e9s r\u00e9sztvev\u0151k seg\u00edt\u00e9se a Jog Story 3 d\u00edj\u00e1tad\u00f3 rendezv\u00e9nyen a Pestszentimrei K\u00f6z\u00f6ss\u00e9gi H\u00e1zban, amely mag\u00e1ba foglalja a helysz\u00edn \u00e9s a rendezv\u00e9ny teljes k\u00f6r\u0171 ismeret\u00e9t, tov\u00e1bb\u00e1 az Egyes\u00fclet tev\u00e9kenys\u00e9g\u00e9r\u0151l val\u00f3 t\u00e1j\u00e9kozotts\u00e1got. Inform\u00e1ci\u00f3s munkat\u00e1rsunknak fontos szerepe van a program z\u00f6kken\u0151mentes megval\u00f3s\u00edt\u00e1s\u00e1ban, miut\u00e1n folyamatos kapcsolatban \u00e1ll a szervez\u0151kkel, r\u00e9szvev\u0151kkel, k\u00f6zrem\u0171k\u00f6d\u0151kkel.<\/p>\n\n\n\n<p>Inform\u00e1ci\u00f3s munkat\u00e1rsunk seg\u00edti a r\u00e9sztvev\u0151ket, k\u00f6zrem\u0171k\u00f6d\u0151ket a bel\u00e9p\u00e9s sor\u00e1n (pl. regisztr\u00e1ci\u00f3), a ki\u00e1ll\u00edt\u00e1son \u00e9s a rendezv\u00e9ny alatt; keresi \u00e9s jelzi az esetleges rendelleness\u00e9geket vezet\u0151j\u00e9nek. Tov\u00e1bbi feladatok k\u00f6z\u00e9 tartozik inform\u00e1ci\u00f3s anyagok kioszt\u00e1sa a rendezv\u00e9nyen, mely t\u00f6bbek k\u00f6z\u00f6tt az Egyes\u00fclet tev\u00e9kenys\u00e9g\u00e9r\u0151l, illetve a rendezv\u00e9ny programj\u00e1r\u00f3l sz\u00f3l\u00f3 inform\u00e1ci\u00f3kat tartalmaz. Munkat\u00e1rsunk figyeli, hogy kinek van sz\u00fcks\u00e9ge inform\u00e1ci\u00f3ra, proakt\u00edvan megsz\u00f3l\u00edtja a r\u00e9sztvev\u0151ket sz\u00fcks\u00e9g eset\u00e9n, ig\u00e9ny eset\u00e9n felvil\u00e1gos\u00edt\u00e1st ny\u00fajt nekik.<\/p>\n\n\n\n<p>Inform\u00e1ci\u00f3s munkat\u00e1rsunk legfontosabb feladata: a mosoly &#8211; ez mindig seg\u00edt \u00e9s biztos\u00edtja a magas min\u0151s\u00e9g\u0171 \u00e9lm\u00e9nyt a r\u00e9sztvev\u0151knek.<\/p>\n\n\n\n<h6 class=\"wp-block-heading\">Elv\u00e1r\u00e1saink leend\u0151 inform\u00e1ci\u00f3s munkat\u00e1rsunkt\u00f3l<\/h6>\n\n\n\n<ul class=\"wp-block-list\">\n<li>Magabiztos, t\u00fcrelmes, hat\u00e9kony kommunik\u00e1ci\u00f3s k\u00e9szs\u00e9g<\/li>\n\n\n\n<li>A rendezv\u00e9nyhez ill\u0151 megjelen\u00e9s<\/li>\n\n\n\n<li>Tapasztalat \u00fcgyf\u00e9lkezel\u00e9sben, \u00e9s a v\u00e1ratlan helyzetek higgadt kezel\u00e9se<\/li>\n\n\n\n<li>Szem\u00e9lyes r\u00e9szv\u00e9tel a d\u00edj\u00e1tad\u00f3 rendezv\u00e9nyt megel\u0151z\u0151 el\u0151k\u00e9sz\u00fcleteken, eligaz\u00edt\u00e1son \u00e9s mag\u00e1n a rendezv\u00e9nyen a Pestszentimrei K\u00f6z\u00f6ss\u00e9gi H\u00e1zban (kb. 8 \u00f3ra)<\/li>\n<\/ul>\n\n\n\n<h6 class=\"wp-block-heading\">Amit k\u00edn\u00e1lunk inform\u00e1ci\u00f3s munkat\u00e1rsunknak<\/h6>\n\n\n\n<ul class=\"wp-block-list\">\n<li>\u00d6nk\u00e9ntes jogviszony alapj\u00e1n t\u00f6rt\u00e9n\u0151 foglalkoztat\u00e1s, jogviszonyigazol\u00e1s<\/li>\n\n\n\n<li>Szakmai fejl\u0151d\u00e9s, tapasztalatszerz\u00e9s rendezv\u00e9nyszervez\u00e9sben \u00e9s k\u00f6zrem\u0171k\u00f6d\u00e9sben, bepillant\u00e1s egy civilszervezet m\u0171k\u00f6d\u00e9s\u00e9be<\/li>\n\n\n\n<li>Ell\u00e1t\u00e1s (eg\u00e9sznap harapnival\u00f3k \u00e9s innival\u00f3k, napk\u00f6zben k\u00f6z\u00f6s pizz\u00e1z\u00e1s)<\/li>\n\n\n\n<li>Az eredm\u00e9nyhirdet\u00e9s \u00e9s d\u00edj\u00e1tad\u00f3 rendezv\u00e9ny programj\u00e1n val\u00f3 r\u00e9szv\u00e9tel<\/li>\n\n\n\n<li>Fiatalos, t\u00e1mogat\u00f3, csal\u00e1dias csapat<\/li>\n<\/ul>\n\n\n\n<h6 class=\"wp-block-heading\">Jelentkez\u00e9s<\/h6>\n\n\n\n<div class=\"wpcf7 no-js\" id=\"wpcf7-f4538-o1\" lang=\"hu-HU\" dir=\"ltr\" data-wpcf7-id=\"4538\">\n<div class=\"screen-reader-response\"><p role=\"status\" aria-live=\"polite\" aria-atomic=\"true\"><\/p> <ul><\/ul><\/div>\n<form action=\"\/index.php\/wp-json\/wp\/v2\/pages\/4537#wpcf7-f4538-o1\" method=\"post\" class=\"wpcf7-form init\" aria-label=\"Kapcsolatfelv\u00e9teli \u0171rlap\" enctype=\"multipart\/form-data\" novalidate=\"novalidate\" data-status=\"init\">\n<fieldset class=\"hidden-fields-container\"><input type=\"hidden\" name=\"_wpcf7\" value=\"4538\" \/><input type=\"hidden\" name=\"_wpcf7_version\" value=\"6.1.5\" \/><input type=\"hidden\" name=\"_wpcf7_locale\" value=\"hu_HU\" \/><input type=\"hidden\" name=\"_wpcf7_unit_tag\" value=\"wpcf7-f4538-o1\" \/><input type=\"hidden\" name=\"_wpcf7_container_post\" value=\"0\" \/><input type=\"hidden\" name=\"_wpcf7_posted_data_hash\" value=\"\" \/><input type=\"hidden\" name=\"_wpcf7cf_hidden_group_fields\" value=\"[]\" \/><input type=\"hidden\" name=\"_wpcf7cf_hidden_groups\" value=\"[]\" \/><input type=\"hidden\" name=\"_wpcf7cf_visible_groups\" value=\"[]\" \/><input type=\"hidden\" name=\"_wpcf7cf_repeaters\" value=\"[]\" \/><input type=\"hidden\" name=\"_wpcf7cf_steps\" value=\"{}\" \/><input type=\"hidden\" name=\"_wpcf7cf_options\" value=\"{&quot;form_id&quot;:4538,&quot;conditions&quot;:[],&quot;settings&quot;:{&quot;animation&quot;:&quot;yes&quot;,&quot;animation_intime&quot;:&quot;200&quot;,&quot;animation_outtime&quot;:&quot;200&quot;,&quot;conditions_ui&quot;:&quot;normal&quot;,&quot;notice_dismissed&quot;:&quot;&quot;}}\" \/><input type=\"hidden\" name=\"_yeeaddons_cf7_repeater_fields\" value=\"\" \/><input type=\"hidden\" name=\"_wpcf7_recaptcha_response\" value=\"\" \/>\n<\/fieldset>\n<p><i>FIGYELEM! A *-gal jel\u00f6lt mez\u0151k kit\u00f6lt\u00e9se k\u00f6telez\u0151.<\/i>\n<\/p>\n<p><label> N\u00e9v *<br \/>\n<span class=\"wpcf7-form-control-wrap\" data-name=\"nev\"><input size=\"40\" maxlength=\"400\" class=\"wpcf7-form-control wpcf7-text wpcf7-validates-as-required\" aria-required=\"true\" aria-invalid=\"false\" value=\"\" type=\"text\" name=\"nev\" \/><\/span> <\/label>\n<\/p>\n<p><label> E-mail c\u00edm *<br \/>\n<span class=\"wpcf7-form-control-wrap\" data-name=\"email-441\"><input size=\"40\" maxlength=\"400\" class=\"wpcf7-form-control wpcf7-email wpcf7-validates-as-required wpcf7-text wpcf7-validates-as-email\" aria-required=\"true\" aria-invalid=\"false\" value=\"\" type=\"email\" name=\"email-441\" \/><\/span> <\/label>\n<\/p>\n<p><label> E-mail c\u00edm meger\u0151s\u00edt\u00e9s *<br \/>\n<span class=\"wpcf7-form-control-wrap\" data-name=\"email-442\"><input size=\"40\" maxlength=\"400\" class=\"wpcf7-form-control wpcf7-email wpcf7-validates-as-required wpcf7-text wpcf7-validates-as-email\" aria-required=\"true\" aria-invalid=\"false\" value=\"\" type=\"email\" name=\"email-442\" \/><\/span> <\/label>\n<\/p>\n<p><label> T\u00e1rgy (t\u00f6bbet is megjel\u00f6lhet) *<br \/>\n<span class=\"wpcf7-form-control-wrap\" data-name=\"menu-665\"><select class=\"wpcf7-form-control wpcf7-select wpcf7-validates-as-required\" aria-required=\"true\" aria-invalid=\"false\" multiple=\"multiple\" name=\"menu-665[]\"><option value=\"Inform\u00e1ci\u00f3s munkat\u00e1rs (Jog Story 3 d\u00edj\u00e1tad\u00f3)\">Inform\u00e1ci\u00f3s munkat\u00e1rs (Jog Story 3 d\u00edj\u00e1tad\u00f3)<\/option><option value=\"Koordin\u00e1tor (Jog Story 3 d\u00edj\u00e1tad\u00f3)\">Koordin\u00e1tor (Jog Story 3 d\u00edj\u00e1tad\u00f3)<\/option><option value=\"Oper\u00e1tor (Jog Story 3 d\u00edj\u00e1tad\u00f3)\">Oper\u00e1tor (Jog Story 3 d\u00edj\u00e1tad\u00f3)<\/option><option value=\"K\u00e9p- \u00e9s hangr\u00f6gz\u00edt\u0151 munkat\u00e1rs (Jog Story 3 d\u00edj\u00e1tad\u00f3)\">K\u00e9p- \u00e9s hangr\u00f6gz\u00edt\u0151 munkat\u00e1rs (Jog Story 3 d\u00edj\u00e1tad\u00f3)<\/option><\/select><\/span> <\/label>\n<\/p>\n<p><label> Telefonsz\u00e1m *<br \/>\n<span class=\"wpcf7-form-control-wrap\" data-name=\"tel-458\"><input size=\"40\" maxlength=\"400\" class=\"wpcf7-form-control wpcf7-tel wpcf7-validates-as-required wpcf7-text wpcf7-validates-as-tel\" aria-required=\"true\" aria-invalid=\"false\" value=\"\" type=\"tel\" name=\"tel-458\" \/><\/span><\/label>\n<\/p>\n<p><label> Motiv\u00e1ci\u00f3 *<br \/>\n<span class=\"wpcf7-form-control-wrap\" data-name=\"your-message\"><textarea cols=\"40\" rows=\"10\" maxlength=\"2000\" class=\"wpcf7-form-control wpcf7-textarea wpcf7-validates-as-required\" aria-required=\"true\" aria-invalid=\"false\" name=\"your-message\"><\/textarea><\/span> <\/label>\n<\/p>\n<p><label> \u00dczenet (nem k\u00f6telez\u0151)<br \/>\n<span class=\"wpcf7-form-control-wrap\" data-name=\"your-message2\"><textarea cols=\"40\" rows=\"10\" maxlength=\"2000\" class=\"wpcf7-form-control wpcf7-textarea\" aria-invalid=\"false\" name=\"your-message2\"><\/textarea><\/span> <\/label>\n<\/p>\n<p><label> \u00d6n\u00e9letrajz csatol\u00e1sa * (pdf)<br \/>\n<span class=\"wpcf7-form-control-wrap\" data-name=\"file-233\"><input size=\"40\" class=\"wpcf7-form-control wpcf7-file\" accept=\".pdf\" aria-invalid=\"false\" type=\"file\" name=\"file-233\" \/><\/span><\/label>\n<\/p>\n<p><span class=\"wpcf7-form-control-wrap\" data-name=\"acceptance-295\"><span class=\"wpcf7-form-control wpcf7-acceptance\"><span class=\"wpcf7-list-item\"><label><input type=\"checkbox\" name=\"acceptance-295\" value=\"1\" aria-invalid=\"false\" \/><span class=\"wpcf7-list-item-label\">Kijelentem, hogy elolvastam \u00e9s meg\u00e9rtettem a Pro Veritate Egyes\u00fclet <a href=\"https:\/\/www.proveritate.hu\/index.php\/adatkezelesi-tajekoztato\/\">Adatkezel\u00e9si T\u00e1j\u00e9koztat\u00f3<\/a>j\u00e1t, amely alapj\u00e1n hozz\u00e1j\u00e1rul\u00e1somat adom a szem\u00e9lyes adataim kezel\u00e9s\u00e9hez. *<\/span><\/label><\/span><\/span><\/span>\n<\/p>\n<p><span class=\"wpcf7-form-control-wrap\" data-name=\"checkbox-432\"><span class=\"wpcf7-form-control wpcf7-checkbox\"><span class=\"wpcf7-list-item first last\"><label><input type=\"checkbox\" name=\"checkbox-432[]\" value=\"Kifejezetten hozz\u00e1j\u00e1rulok, hogy a felv\u00e9teli elj\u00e1r\u00e1s megkezd\u00e9s\u00e9vel az \u00e1ltalam megadott adatokat a Pro Veritate Egyes\u00fclet 2 \u00e9vig kezelje, illetve t\u00e1rolja annak \u00e9rdek\u00e9ben, hogy \u00fajabb, hasonl\u00f3 lehet\u0151s\u00e9ggel megkereshessenek; adataimat ezt k\u00f6vet\u0151en t\u00f6r\u00f6lje.\" \/><span class=\"wpcf7-list-item-label\">Kifejezetten hozz\u00e1j\u00e1rulok, hogy a felv\u00e9teli elj\u00e1r\u00e1s megkezd\u00e9s\u00e9vel az \u00e1ltalam megadott adatokat a Pro Veritate Egyes\u00fclet 2 \u00e9vig kezelje, illetve t\u00e1rolja annak \u00e9rdek\u00e9ben, hogy \u00fajabb, hasonl\u00f3 lehet\u0151s\u00e9ggel megkereshessenek; adataimat ezt k\u00f6vet\u0151en t\u00f6r\u00f6lje.<\/span><\/label><\/span><\/span><\/span>\n<\/p>\n<p><input class=\"wpcf7-form-control wpcf7-submit has-spinner\" type=\"submit\" value=\"Bek\u00fcld\u00e9s\" \/>\n<\/p><div class=\"wpcf7-response-output\" aria-hidden=\"true\"><\/div>\n<\/form>\n<\/div>\n\n\n\n\n<p><em>Amennyiben a jelentkez\u00e9si \u0171rlappal, annak el\u00e9r\u00e9s\u00e9vel probl\u00e9ma mer\u00fclne f\u00f6l, k\u00e9rj\u00fck, azt az&nbsp;<a href=\"mailto:elnokseg@proveritate.hu\">elnokseg@proveritate.hu<\/a>&nbsp;e-mail c\u00edmen jelezze!<\/em><\/p>\n","protected":false},"excerpt":{"rendered":"<p>\u00d6nk\u00e9ntes inform\u00e1ci\u00f3s munkat\u00e1rsat keres\u00fcnk a Jog Story 3 eredm\u00e9nyhirdet\u00e9s \u00e9s d\u00edj\u00e1tad\u00f3 rendezv\u00e9ny\u00e9re. Jelentkez\u00e9s\u00e9t a lentebb tal\u00e1lhat\u00f3 \u0171rlap kit\u00f6lt\u00e9s\u00e9vel adhatja be. K\u00e9rj\u00fck, jelentkez\u00e9s\u00e9nek bek\u00fcld\u00e9se el\u0151tt olvassa el&nbsp;Adatkezel\u00e9si T\u00e1j\u00e9koztat\u00f3nkat. A poz\u00edci\u00f3r\u00f3l Egyes\u00fclet\u00fcnk \u00e1ltal\u00e1nos iskol\u00e1s kor\u00fa gyermekek sz\u00e1m\u00e1ra nagyszab\u00e1s\u00fa, nemzetk\u00f6zi rajzversenyt hirdetett meg \u2013 imm\u00e1ron 3. alkalommal \u2013, amelyen a gyermekek elmes\u00e9lhetnek egy&nbsp;jog storyt, vagy \u00e9pp kifejezheti elk\u00e9pzel\u00e9s\u00e9t a jog vil\u00e1g\u00e1r\u00f3l. C\u00e9lunk, hogy seg\u00edts\u00fcnk a fejl\u0151d\u00e9sben \u00e9s nevel\u00e9sben, mialatt k\u00f6z\u00f6sen csalunk mosolyt egy gyermek arc\u00e1ra. A p\u00e1ly\u00e1zaton \u00e1ltal\u00e1nos iskol\u00e1s kor\u00fa gyermekek vehetnek r\u00e9szt b\u00e1rmilyen anyaggal vagy technik\u00e1val k\u00e9sz\u00fcl alkot\u00e1ssal h\u00e1rom kateg\u00f3ri\u00e1ban (als\u00f3 tagozatos, fels\u0151 tagozatos, gy\u00f3gypedag\u00f3giai vagy speci\u00e1lis iskol\u00e1ba j\u00e1r\u00f3, h\u00e1tr\u00e1nyos helyzet\u0171 gyermekek). B\u0151vebben: https:\/\/jogstory.proveritate.hu\/. A p\u00e1ly\u00e1zat eredm\u00e9nyeinek kihirdet\u00e9s\u00e9re \u00e9s az \u00fcnnep\u00e9lyes d\u00edj\u00e1tad\u00f3 rendezv\u00e9nyre 2025. j\u00falius 5. napj\u00e1n ker\u00fcl sor Budapest F\u0151v\u00e1ros XVIII. ker\u00fclet Pestszentl\u0151rinc-Pestszentimre \u00d6nkorm\u00e1nyzata t\u00e1mogat\u00e1s\u00e1val a Pestszentimrei K\u00f6z\u00f6ss\u00e9gi H\u00e1zban (1188 Budapest, Vas\u00fat utca 48.). Inform\u00e1ci\u00f3s munkat\u00e1rsunk feladatai lesznek Az inform\u00e1ci\u00f3s munkat\u00e1rsunk feladata els\u0151sorban t\u00e1j\u00e9koztat\u00e1s ny\u00fajt\u00e1sa \u00e9s r\u00e9sztvev\u0151k seg\u00edt\u00e9se a Jog Story 3 d\u00edj\u00e1tad\u00f3 rendezv\u00e9nyen a Pestszentimrei K\u00f6z\u00f6ss\u00e9gi H\u00e1zban, amely mag\u00e1ba foglalja a helysz\u00edn \u00e9s a rendezv\u00e9ny teljes k\u00f6r\u0171 ismeret\u00e9t, tov\u00e1bb\u00e1 az Egyes\u00fclet tev\u00e9kenys\u00e9g\u00e9r\u0151l val\u00f3 t\u00e1j\u00e9kozotts\u00e1got. Inform\u00e1ci\u00f3s munkat\u00e1rsunknak fontos szerepe van a program z\u00f6kken\u0151mentes megval\u00f3s\u00edt\u00e1s\u00e1ban, miut\u00e1n folyamatos kapcsolatban \u00e1ll a szervez\u0151kkel, r\u00e9szvev\u0151kkel, k\u00f6zrem\u0171k\u00f6d\u0151kkel. Inform\u00e1ci\u00f3s munkat\u00e1rsunk seg\u00edti a r\u00e9sztvev\u0151ket, k\u00f6zrem\u0171k\u00f6d\u0151ket a bel\u00e9p\u00e9s sor\u00e1n (pl. regisztr\u00e1ci\u00f3), a ki\u00e1ll\u00edt\u00e1son \u00e9s a rendezv\u00e9ny alatt; keresi \u00e9s jelzi az esetleges rendelleness\u00e9geket vezet\u0151j\u00e9nek. Tov\u00e1bbi feladatok k\u00f6z\u00e9 tartozik inform\u00e1ci\u00f3s anyagok kioszt\u00e1sa a rendezv\u00e9nyen, mely t\u00f6bbek k\u00f6z\u00f6tt az Egyes\u00fclet tev\u00e9kenys\u00e9g\u00e9r\u0151l, illetve a rendezv\u00e9ny programj\u00e1r\u00f3l sz\u00f3l\u00f3 inform\u00e1ci\u00f3kat tartalmaz. Munkat\u00e1rsunk figyeli, hogy kinek van sz\u00fcks\u00e9ge inform\u00e1ci\u00f3ra, proakt\u00edvan megsz\u00f3l\u00edtja a r\u00e9sztvev\u0151ket sz\u00fcks\u00e9g eset\u00e9n, ig\u00e9ny eset\u00e9n felvil\u00e1gos\u00edt\u00e1st ny\u00fajt nekik. Inform\u00e1ci\u00f3s munkat\u00e1rsunk legfontosabb feladata: a mosoly &#8211; ez mindig seg\u00edt \u00e9s biztos\u00edtja a magas min\u0151s\u00e9g\u0171 \u00e9lm\u00e9nyt a r\u00e9sztvev\u0151knek. Elv\u00e1r\u00e1saink leend\u0151 inform\u00e1ci\u00f3s munkat\u00e1rsunkt\u00f3l Amit k\u00edn\u00e1lunk inform\u00e1ci\u00f3s munkat\u00e1rsunknak Jelentkez\u00e9s Amennyiben a jelentkez\u00e9si \u0171rlappal, annak el\u00e9r\u00e9s\u00e9vel probl\u00e9ma mer\u00fclne f\u00f6l, k\u00e9rj\u00fck, azt az&nbsp;elnokseg@proveritate.hu&nbsp;e-mail c\u00edmen jelezze!<\/p>\n","protected":false},"author":1,"featured_media":0,"parent":0,"menu_order":0,"comment_status":"closed","ping_status":"closed","template":"","meta":{"footnotes":""},"class_list":["post-4537","page","type-page","status-publish","hentry"],"_links":{"self":[{"href":"https:\/\/www.proveritate.hu\/index.php\/wp-json\/wp\/v2\/pages\/4537","targetHints":{"allow":["GET"]}}],"collection":[{"href":"https:\/\/www.proveritate.hu\/index.php\/wp-json\/wp\/v2\/pages"}],"about":[{"href":"https:\/\/www.proveritate.hu\/index.php\/wp-json\/wp\/v2\/types\/page"}],"author":[{"embeddable":true,"href":"https:\/\/www.proveritate.hu\/index.php\/wp-json\/wp\/v2\/users\/1"}],"replies":[{"embeddable":true,"href":"https:\/\/www.proveritate.hu\/index.php\/wp-json\/wp\/v2\/comments?post=4537"}],"version-history":[{"count":6,"href":"https:\/\/www.proveritate.hu\/index.php\/wp-json\/wp\/v2\/pages\/4537\/revisions"}],"predecessor-version":[{"id":4602,"href":"https:\/\/www.proveritate.hu\/index.php\/wp-json\/wp\/v2\/pages\/4537\/revisions\/4602"}],"wp:attachment":[{"href":"https:\/\/www.proveritate.hu\/index.php\/wp-json\/wp\/v2\/media?parent=4537"}],"curies":[{"name":"wp","href":"https:\/\/api.w.org\/{rel}","templated":true}]}}