{"id":4490,"date":"2025-04-07T16:25:26","date_gmt":"2025-04-07T14:25:26","guid":{"rendered":"https:\/\/www.proveritate.hu\/?page_id=4490"},"modified":"2025-08-07T11:31:44","modified_gmt":"2025-08-07T09:31:44","slug":"tagfelveteli-kerelem-2","status":"publish","type":"page","link":"https:\/\/www.proveritate.hu\/index.php\/tagfelveteli-kerelem-2\/","title":{"rendered":"Tagfelv\u00e9teli k\u00e9relem"},"content":{"rendered":"\n<p class=\"has-text-align-center\"><strong>nem term\u00e9szetes szem\u00e9ly r\u00e9sz\u00e9re<\/strong><\/p>\n\n\n\n<div style=\"height:40px\" aria-hidden=\"true\" class=\"wp-block-spacer\"><\/div>\n\n\n\n<p class=\"has-small-font-size\">Amennyiben term\u00e9szetes szem\u00e9lyk\u00e9nt k\u00edv\u00e1nja beny\u00fajtani k\u00e9relm\u00e9t, azt a k\u00f6vetkez\u0151 \u0171rlap kit\u00f6lt\u00e9s\u00e9vel teheti meg: <a href=\"https:\/\/www.proveritate.hu\/index.php\/tagfelveteli-kerelem\/\">Tagfelv\u00e9teli k\u00e9relem term\u00e9szetes szem\u00e9ly r\u00e9sz\u00e9re<\/a>.<\/p>\n\n\n\n<div style=\"height:40px\" aria-hidden=\"true\" class=\"wp-block-spacer\"><\/div>\n\n\n\n<div class=\"wpcf7 no-js\" id=\"wpcf7-f4485-o1\" lang=\"hu-HU\" dir=\"ltr\" data-wpcf7-id=\"4485\">\n<div class=\"screen-reader-response\"><p role=\"status\" aria-live=\"polite\" aria-atomic=\"true\"><\/p> <ul><\/ul><\/div>\n<form action=\"\/index.php\/wp-json\/wp\/v2\/pages\/4490#wpcf7-f4485-o1\" method=\"post\" class=\"wpcf7-form init\" aria-label=\"Kapcsolatfelv\u00e9teli \u0171rlap\" enctype=\"multipart\/form-data\" novalidate=\"novalidate\" data-status=\"init\">\n<fieldset class=\"hidden-fields-container\"><input type=\"hidden\" name=\"_wpcf7\" value=\"4485\" \/><input type=\"hidden\" name=\"_wpcf7_version\" value=\"6.1.5\" \/><input type=\"hidden\" name=\"_wpcf7_locale\" value=\"hu_HU\" \/><input type=\"hidden\" name=\"_wpcf7_unit_tag\" value=\"wpcf7-f4485-o1\" \/><input type=\"hidden\" name=\"_wpcf7_container_post\" value=\"0\" \/><input type=\"hidden\" name=\"_wpcf7_posted_data_hash\" value=\"\" \/><input type=\"hidden\" name=\"_wpcf7cf_hidden_group_fields\" value=\"[]\" \/><input type=\"hidden\" name=\"_wpcf7cf_hidden_groups\" value=\"[]\" \/><input type=\"hidden\" name=\"_wpcf7cf_visible_groups\" value=\"[]\" \/><input type=\"hidden\" name=\"_wpcf7cf_repeaters\" value=\"[]\" \/><input type=\"hidden\" name=\"_wpcf7cf_steps\" value=\"{}\" \/><input type=\"hidden\" name=\"_wpcf7cf_options\" value=\"{&quot;form_id&quot;:4485,&quot;conditions&quot;:[{&quot;then_field&quot;:&quot;-1&quot;,&quot;and_rules&quot;:[{&quot;if_field&quot;:&quot;jogallas&quot;,&quot;operator&quot;:&quot;not equals&quot;,&quot;if_value&quot;:&quot;tiszteletbeli tag&quot;}]}],&quot;settings&quot;:{&quot;animation&quot;:&quot;yes&quot;,&quot;animation_intime&quot;:&quot;200&quot;,&quot;animation_outtime&quot;:&quot;200&quot;,&quot;conditions_ui&quot;:&quot;normal&quot;,&quot;notice_dismissed&quot;:&quot;&quot;}}\" \/><input type=\"hidden\" name=\"_yeeaddons_cf7_repeater_fields\" value=\"\" \/><input type=\"hidden\" name=\"_wpcf7_recaptcha_response\" value=\"\" \/>\n<\/fieldset>\n<p><i>FIGYELEM!<\/i>\n<\/p>\n<ul>\n\t<li>\n\t\t<p><i>A k\u00e9relem beny\u00fajt\u00e1sa el\u0151tt k\u00e9rj\u00fck, olvassa el <a href=\"https:\/\/www.proveritate.hu\/index.php\/alapszabaly\/\">Alapszab\u00e1ly<\/a>unkat \u00e9s <a href=\"https:\/\/www.proveritate.hu\/index.php\/adatkezelesi-tajekoztato\/\">Adatkezel\u00e9si T\u00e1j\u00e9koztat\u00f3<\/a>nkat.<\/i>\n\t\t<\/p>\n\t<\/li>\n\t<li>\n\t\t<p><i>A *-gal jel\u00f6lt mez\u0151k kit\u00f6lt\u00e9se k\u00f6telez\u0151.<\/i>\n\t\t<\/p>\n\t<\/li>\n<\/ul>\n<hr \/>\n<h6>A k\u00e9relmez\u0151\n<\/h6>\n<p><strong>A k\u00e9relmez\u0151 adatai<\/strong><br \/>\n<i>Az Alapszab\u00e1ly 5. \u00a7 (2) bekezd\u00e9s\u00e9nek c) pontja alapj\u00e1n - figyelemmel a 4. \u00a7 (3) bekezd\u00e9s b) pontj\u00e1nak ba)-bd) alpontjaira.<\/i>\n<\/p>\n<p><label> K\u00e9rj\u00fck, v\u00e1lasszon!*<\/label><br \/>\n<span class=\"wpcf7-form-control-wrap\" data-name=\"szemely2\"><span class=\"wpcf7-form-control wpcf7-radio\"><span class=\"wpcf7-list-item first\"><label><input type=\"radio\" name=\"szemely2\" value=\"Jogi szem\u00e9ly\" checked=\"checked\" \/><span class=\"wpcf7-list-item-label\">Jogi szem\u00e9ly<\/span><\/label><\/span><span class=\"wpcf7-list-item\"><label><input type=\"radio\" name=\"szemely2\" value=\"Jogi szem\u00e9lyis\u00e9ggel nem rendelkez\u0151 szervezet\" \/><span class=\"wpcf7-list-item-label\">Jogi szem\u00e9lyis\u00e9ggel nem rendelkez\u0151 szervezet<\/span><\/label><\/span><span class=\"wpcf7-list-item last\"><label><input type=\"radio\" name=\"szemely2\" value=\"Egy\u00e9b\" \/><span class=\"wpcf7-list-item-label\">Egy\u00e9b<\/span><\/label><\/span><\/span><\/span>\n<\/p>\n<p><label> Megnevez\u00e9s (hossz\u00fa n\u00e9v)*<br \/>\n<span class=\"wpcf7-form-control-wrap\" data-name=\"hosszu_nev\"><input size=\"40\" maxlength=\"400\" class=\"wpcf7-form-control wpcf7-text wpcf7-validates-as-required\" aria-required=\"true\" aria-invalid=\"false\" value=\"\" type=\"text\" name=\"hosszu_nev\" \/><\/span> <\/label>\n<\/p>\n<p><label> Megnevez\u00e9s (r\u00f6vid n\u00e9v, ha van)<br \/>\n<span class=\"wpcf7-form-control-wrap\" data-name=\"rovid_nev\"><input size=\"40\" maxlength=\"400\" class=\"wpcf7-form-control wpcf7-text\" aria-invalid=\"false\" value=\"\" type=\"text\" name=\"rovid_nev\" \/><\/span> <\/label>\n<\/p>\n<p><label> Nyilv\u00e1ntart\u00e1si sz\u00e1ma*<br \/>\n<span class=\"wpcf7-form-control-wrap\" data-name=\"nyt_szam\"><input size=\"40\" maxlength=\"400\" class=\"wpcf7-form-control wpcf7-text wpcf7-validates-as-required\" aria-required=\"true\" aria-invalid=\"false\" value=\"\" type=\"text\" name=\"nyt_szam\" \/><\/span><\/label>\n<\/p>\n<p><label> Nyilv\u00e1ntart\u00f3 b\u00edr\u00f3s\u00e1g, hat\u00f3s\u00e1g<br \/>\n<span class=\"wpcf7-form-control-wrap\" data-name=\"nyt_hatosag\"><input size=\"40\" maxlength=\"400\" class=\"wpcf7-form-control wpcf7-text\" aria-invalid=\"false\" value=\"\" type=\"text\" name=\"nyt_hatosag\" \/><\/span><\/label>\n<\/p>\n<p><label> Ad\u00f3sz\u00e1m*<br \/>\n<span class=\"wpcf7-form-control-wrap\" data-name=\"adoszam\"><input size=\"40\" maxlength=\"400\" class=\"wpcf7-form-control wpcf7-text wpcf7-validates-as-required\" aria-required=\"true\" aria-invalid=\"false\" value=\"\" type=\"text\" name=\"adoszam\" \/><\/span><\/label>\n<\/p>\n<p><label> Sz\u00e9khely*<br \/>\n<i>Ir\u00e1ny\u00edt\u00f3sz\u00e1m, telep\u00fcl\u00e9s, k\u00f6zter\u00fclet neve \u00e9s jellege, h\u00e1zsz\u00e1m (helyrajzisz\u00e1m), orsz\u00e1g<\/i><br \/>\n<span class=\"wpcf7-form-control-wrap\" data-name=\"szekhely\"><input size=\"40\" maxlength=\"400\" class=\"wpcf7-form-control wpcf7-text wpcf7-validates-as-required\" aria-required=\"true\" aria-invalid=\"false\" value=\"\" type=\"text\" name=\"szekhely\" \/><\/span><\/label>\n<\/p>\n<p><strong>A k\u00e9relmez\u0151 k\u00e9pvisel\u0151j\u00e9nek adatai<\/strong><br \/>\n<i>Az Alapszab\u00e1ly 5. \u00a7 (2) bekezd\u00e9s\u00e9nek c) pontja alapj\u00e1n - figyelemmel a 4. \u00a7 (3) bekezd\u00e9s b) pontj\u00e1nak be) alpontj\u00e1ra.<\/i>\n<\/p>\n<p><label> N\u00e9v*<br \/>\n<i>Titulus, vezet\u00e9kn\u00e9v(ek), keresztn\u00e9v(ek)<\/i><br \/>\n<span class=\"wpcf7-form-control-wrap\" data-name=\"nev\"><input size=\"40\" maxlength=\"400\" class=\"wpcf7-form-control wpcf7-text wpcf7-validates-as-required\" aria-required=\"true\" aria-invalid=\"false\" value=\"\" type=\"text\" name=\"nev\" \/><\/span> <\/label>\n<\/p>\n<p><label> Sz\u00fclet\u00e9si helye*<br \/>\n<span class=\"wpcf7-form-control-wrap\" data-name=\"szulhely\"><input size=\"40\" maxlength=\"400\" class=\"wpcf7-form-control wpcf7-text wpcf7-validates-as-required\" aria-required=\"true\" aria-invalid=\"false\" value=\"\" type=\"text\" name=\"szulhely\" \/><\/span><\/label>\n<\/p>\n<p><label> Sz\u00fclet\u00e9si ideje*<br \/>\n<span class=\"wpcf7-form-control-wrap\" data-name=\"szulido\"><input class=\"wpcf7-form-control wpcf7-date wpcf7-validates-as-required wpcf7-validates-as-date\" max=\"2015-01-01\" aria-required=\"true\" aria-invalid=\"false\" value=\"\" type=\"date\" name=\"szulido\" \/><\/span><\/label>\n<\/p>\n<p><label> Anyja neve*<br \/>\n<span class=\"wpcf7-form-control-wrap\" data-name=\"anyjan\"><input size=\"40\" maxlength=\"400\" class=\"wpcf7-form-control wpcf7-text wpcf7-validates-as-required\" aria-required=\"true\" aria-invalid=\"false\" value=\"\" type=\"text\" name=\"anyjan\" \/><\/span><\/label>\n<\/p>\n<p><label> Lak\u00f3helye*<br \/>\n<i>Ir\u00e1ny\u00edt\u00f3sz\u00e1m, telep\u00fcl\u00e9s, k\u00f6zter\u00fclet neve \u00e9s jellege, h\u00e1zsz\u00e1m (helyrajzisz\u00e1m), orsz\u00e1g<\/i><br \/>\n<span class=\"wpcf7-form-control-wrap\" data-name=\"lakhely\"><input size=\"40\" maxlength=\"400\" class=\"wpcf7-form-control wpcf7-text wpcf7-validates-as-required\" aria-required=\"true\" aria-invalid=\"false\" value=\"\" type=\"text\" name=\"lakhely\" \/><\/span><\/label>\n<\/p>\n<p><label> Elektronikus lev\u00e9l (e-mail) c\u00edme*<br \/>\n<span class=\"wpcf7-form-control-wrap\" data-name=\"email-441\"><input size=\"40\" maxlength=\"400\" class=\"wpcf7-form-control wpcf7-email wpcf7-validates-as-required wpcf7-text wpcf7-validates-as-email\" aria-required=\"true\" aria-invalid=\"false\" value=\"\" type=\"email\" name=\"email-441\" \/><\/span> <\/label>\n<\/p>\n<p><label> Elektronikus lev\u00e9l (e-mail) c\u00edm meger\u0151s\u00edt\u00e9se*<br \/>\n<span class=\"wpcf7-form-control-wrap\" data-name=\"email-7\"><input size=\"40\" maxlength=\"400\" class=\"wpcf7-form-control wpcf7-email wpcf7-validates-as-required wpcf7-text wpcf7-validates-as-email\" aria-required=\"true\" aria-invalid=\"false\" value=\"\" type=\"email\" name=\"email-7\" \/><\/span> <\/label>\n<\/p>\n<p><label> Telefonsz\u00e1ma*<br \/>\n<i>Form\u00e1tum: \"36701234567\"<\/i><br \/>\n<span class=\"wpcf7-form-control-wrap\" data-name=\"tel\"><input size=\"40\" maxlength=\"400\" class=\"wpcf7-form-control wpcf7-tel wpcf7-validates-as-required wpcf7-text wpcf7-validates-as-tel\" aria-required=\"true\" aria-invalid=\"false\" value=\"\" type=\"tel\" name=\"tel\" \/><\/span> <\/label>\n<\/p>\n<p><label> Legmagasabb iskolai v\u00e9gzetts\u00e9ge*<br \/>\n<span class=\"wpcf7-form-control-wrap\" data-name=\"iskola\"><select class=\"wpcf7-form-control wpcf7-select wpcf7-validates-as-required\" aria-required=\"true\" aria-invalid=\"false\" name=\"iskola\"><option value=\"-- K\u00e9rj\u00fck, v\u00e1lasszon! --\">-- K\u00e9rj\u00fck, v\u00e1lasszon! --<\/option><option value=\"fels\u0151fok\u00fa - doktori k\u00e9pz\u00e9s (PhD, DLA)\">fels\u0151fok\u00fa - doktori k\u00e9pz\u00e9s (PhD, DLA)<\/option><option value=\"fels\u0151fok\u00fa - egyetem vagy mesterk\u00e9pz\u00e9s\">fels\u0151fok\u00fa - egyetem vagy mesterk\u00e9pz\u00e9s<\/option><option value=\"fels\u0151fok\u00fa - f\u0151iskola vagy alapk\u00e9pz\u00e9s\">fels\u0151fok\u00fa - f\u0151iskola vagy alapk\u00e9pz\u00e9s<\/option><option value=\"k\u00f6z\u00e9pfok\u00fa - \u00e9retts\u00e9givel \u00e9s szakmai v\u00e9gzetts\u00e9ggel\">k\u00f6z\u00e9pfok\u00fa - \u00e9retts\u00e9givel \u00e9s szakmai v\u00e9gzetts\u00e9ggel<\/option><option value=\"k\u00f6z\u00e9pfok\u00fa - \u00e9retts\u00e9givel, szakmai v\u00e9gzetts\u00e9g n\u00e9lk\u00fcl\">k\u00f6z\u00e9pfok\u00fa - \u00e9retts\u00e9givel, szakmai v\u00e9gzetts\u00e9g n\u00e9lk\u00fcl<\/option><option value=\"k\u00f6z\u00e9pfok\u00fa - szakmai v\u00e9gzetts\u00e9ggel, \u00e9retts\u00e9gi n\u00e9lk\u00fcl\">k\u00f6z\u00e9pfok\u00fa - szakmai v\u00e9gzetts\u00e9ggel, \u00e9retts\u00e9gi n\u00e9lk\u00fcl<\/option><option value=\"\u00e1ltal\u00e1nos iskola 8. oszt\u00e1ly\">\u00e1ltal\u00e1nos iskola 8. oszt\u00e1ly<\/option><option value=\"8 \u00e1ltal\u00e1nos iskol\u00e1n\u00e1l kevesebb\">8 \u00e1ltal\u00e1nos iskol\u00e1n\u00e1l kevesebb<\/option><option value=\"egy\u00e9b\">egy\u00e9b<\/option><\/select><\/span><\/label>\n<\/p>\n<p><i>FIGYELEM!<\/i><br \/>\n<i>Az Alapszab\u00e1ly 5. \u00a7 (2) bekezd\u00e9s\u00e9nek c) pontja alapj\u00e1n a k\u00e9relemhez sz\u00fcks\u00e9ges csatolnia a k\u00e9pvisel\u0151 al\u00e1\u00edr\u00e1si c\u00edmp\u00e9ld\u00e1ny\u00e1nak m\u00e1solat\u00e1t!<\/i>\n<\/p>\n<p><label> Al\u00e1\u00edr\u00e1si c\u00edmp\u00e9ld\u00e1ny*<br \/>\n<i>Kiz\u00e1r\u00f3lag k\u00e9p vagy PDF csatolhat\u00f3.<\/i><br \/>\n<span class=\"wpcf7-form-control-wrap\" data-name=\"alairasi_cp\"><input size=\"40\" class=\"wpcf7-form-control wpcf7-file\" accept=\"image\/*,application\/pdf\" aria-invalid=\"false\" type=\"file\" name=\"alairasi_cp\" \/><\/span><\/label>\n<\/p>\n<h6>Jog\u00e1ll\u00e1s\n<\/h6>\n<p><strong>Jog\u00e1ll\u00e1s<\/strong>\n<\/p>\n<p><label> K\u00e9rj\u00fck, v\u00e1lasszon!*<\/label><br \/>\n<span class=\"wpcf7-form-control-wrap\" data-name=\"jogallas\"><span class=\"wpcf7-form-control wpcf7-radio\"><span class=\"wpcf7-list-item first\"><label><input type=\"radio\" name=\"jogallas\" value=\"rendes tag\" checked=\"checked\" \/><span class=\"wpcf7-list-item-label\">rendes tag<\/span><\/label><\/span><span class=\"wpcf7-list-item last\"><label><input type=\"radio\" name=\"jogallas\" value=\"p\u00e1rtol\u00f3 tag\" \/><span class=\"wpcf7-list-item-label\">p\u00e1rtol\u00f3 tag<\/span><\/label><\/span><\/span><\/span>\n<\/p>\n<p><i><b>Rendes tag: <\/b>A rendes tag szem\u00e9ly\u00e9vel (tev\u00e9kenys\u00e9g\u00e9vel) \u00e9s vagyoni hozz\u00e1j\u00e1rul\u00e1s\u00e1val (\u00e9ves tagd\u00edjjal) egyar\u00e1nt hozz\u00e1j\u00e1rul az Egyes\u00fclet c\u00e9ljainak el\u00e9r\u00e9shez. Az Alapszab\u00e1ly 8\/A. \u00a7-\u00e1nak (3) bekezd\u00e9se alapj\u00e1n az Egyes\u00fclet rendes tagja 18. \u00e9let\u00e9v\u00e9t bet\u00f6lt\u00f6tt k\u00fclf\u00f6ldi vagy magyar term\u00e9szetes szem\u00e9ly, jogi szem\u00e9ly, vagy jogi szem\u00e9lyis\u00e9ggel nem rendelkez\u0151 szervezet lehet. A rendes tag k\u00f6teles r\u00e9szt venni az Egyes\u00fclet tev\u00e9kenys\u00e9geiben, azok megszervez\u00e9s\u00e9ben, \u00e9s k\u00f6teles k\u00f6zrem\u0171k\u00f6dni az Egyes\u00fclet c\u00e9ljainak megval\u00f3s\u00edt\u00e1s\u00e1ban. A rendes tag az Egyes\u00fcletben szavazati joggal, illetve akt\u00edv \u00e9s passz\u00edv v\u00e1laszt\u00f3joggal is rendelkezik.<\/i><br \/>\n<i><b>P\u00e1rtol\u00f3 tag: <\/b>A p\u00e1rtol\u00f3 tag nem els\u0151sorban szem\u00e9ly\u00e9vel (tev\u00e9kenys\u00e9g\u00e9vel), hanem vagyoni hozz\u00e1j\u00e1rul\u00e1s\u00e1val (\u00e9ves tagd\u00edjjal) j\u00e1rul hozz\u00e1 az Egyes\u00fclet c\u00e9ljainak el\u00e9r\u00e9shez. Az Alapszab\u00e1ly 8\/B. \u00a7-\u00e1nak (1) bekezd\u00e9se alapj\u00e1n az Egyes\u00fclet p\u00e1rtol\u00f3 tagja 18. \u00e9let\u00e9v\u00e9t bet\u00f6lt\u00f6tt k\u00fclf\u00f6ldi vagy magyar term\u00e9szetes szem\u00e9ly, jogi szem\u00e9ly, vagy jogi szem\u00e9lyis\u00e9ggel nem rendelkez\u0151 szervezet lehet. A p\u00e1rtol\u00f3 tag az Egyes\u00fclet sz\u00e1m\u00e1ra teljes\u00edtend\u0151 vagyoni hozz\u00e1j\u00e1rul\u00e1ssal (tagd\u00edjjal) vagy az Egyes\u00fclet sz\u00e1m\u00e1ra ingyenesen (kedvezm\u00e9nyesen) v\u00e9gzett munk\u00e1val (ny\u00fajtott szolg\u00e1ltat\u00e1ssal) t\u00e1mogatja az Egyes\u00fclet c\u00e9ljainak megval\u00f3s\u00edt\u00e1s\u00e1t. A p\u00e1rtol\u00f3 tag az Egyes\u00fcletben szavazati joggal, illetve akt\u00edv v\u00e1laszt\u00f3joggal nem rendelkezik.<\/i>\n<\/p>\n<h6>\u00dczenetek, nyilatkozatok\n<\/h6>\n<p><strong>\u00dczenetk\u00fcld\u00e9s<\/strong>\n<\/p>\n<p><label> \u00dczenet az Eln\u00f6ks\u00e9gnek<br \/>\n<i>Amennyiben b\u00e1rmilyen fontos inform\u00e1ci\u00f3t meg k\u00edv\u00e1n osztani az Eln\u00f6ks\u00e9ggel, itt megteheti.<\/i><br \/>\n<span class=\"wpcf7-form-control-wrap\" data-name=\"uzenet\"><textarea cols=\"40\" rows=\"10\" maxlength=\"2000\" class=\"wpcf7-form-control wpcf7-textarea\" aria-invalid=\"false\" name=\"uzenet\"><\/textarea><\/span><br \/>\n<\/label>\n<\/p>\n<p><strong>Nyilatkozatok<\/strong>\n<\/p>\n<p><span class=\"wpcf7-form-control-wrap\" data-name=\"accep_belep\"><span class=\"wpcf7-form-control wpcf7-acceptance\"><span class=\"wpcf7-list-item\"><label><input type=\"checkbox\" name=\"accep_belep\" value=\"1\" aria-invalid=\"false\" \/><span class=\"wpcf7-list-item-label\">Nyilatkozom, hogy az \u00e1ltalam k\u00e9pviselt szervezet a Pro Veritate K\u00f6zhaszn\u00fa Egyes\u00fclet tagja k\u00edv\u00e1n lenni; szem\u00e9lyemben \u00e9s az \u00e1ltalam k\u00e9pviselt szem\u00e9lyben nem \u00e1ll fenn egyes\u00fcleti tags\u00e1got kiz\u00e1r\u00f3 vagy korl\u00e1toz\u00f3 hat\u00e1rozat, illetve jogszab\u00e1lyi vagy Alapszab\u00e1lyb\u00e9li rendelkez\u00e9s; megismertem \u00e9s elfogadom az Egyes\u00fclet c\u00e9ljait \u00e9s az <a href=\"https:\/\/www.proveritate.hu\/index.php\/alapszabaly\/\">Alapszab\u00e1ly<\/a>t.*<\/span><\/label><\/span><\/span><\/span>\n<\/p>\n<p><span class=\"wpcf7-form-control-wrap\" data-name=\"accep_adatkez\"><span class=\"wpcf7-form-control wpcf7-acceptance\"><span class=\"wpcf7-list-item\"><label><input type=\"checkbox\" name=\"accep_adatkez\" value=\"1\" aria-invalid=\"false\" \/><span class=\"wpcf7-list-item-label\">Elolvastam \u00e9s meg\u00e9rtettem a Pro Veritate K\u00f6zhaszn\u00fa Egyes\u00fclet <a href=\"https:\/\/www.proveritate.hu\/index.php\/adatkezelesi-tajekoztato\/\">Adatkezel\u00e9si T\u00e1j\u00e9koztat\u00f3<\/a>j\u00e1t, amely alapj\u00e1n hozz\u00e1j\u00e1rul\u00e1somat adom a szem\u00e9lyes adataim kezel\u00e9s\u00e9hez.*<\/span><\/label><\/span><\/span><\/span>\n<\/p>\n<p><span class=\"wpcf7-form-control-wrap\" data-name=\"accep_valosadatok\"><span class=\"wpcf7-form-control wpcf7-acceptance\"><span class=\"wpcf7-list-item\"><input type=\"checkbox\" name=\"accep_valosadatok\" value=\"1\" aria-invalid=\"false\" \/><\/span><\/span><\/span> B\u00fcntet\u0151jogi felel\u0151ss\u00e9gem tudat\u00e1ban kijelentem, hogy a jelen k\u00e9relemben foglalt adatok, nyilatkozatok a val\u00f3s\u00e1gnak marad\u00e9ktalanul megfelelnek.*\n<\/p>\n<p><span class=\"wpcf7-form-control-wrap\" data-name=\"accephirlev\"><span class=\"wpcf7-form-control wpcf7-checkbox\"><span class=\"wpcf7-list-item first last\"><input type=\"checkbox\" name=\"accephirlev[]\" value=\"Hozz\u00e1j\u00e1rulok ahhoz, hogy a Pro Veritate K\u00f6zhaszn\u00fa Egyes\u00fclet t\u00e1j\u00e9koztat\u00f3 levelet k\u00fcldj\u00f6n r\u00e9szemre az \u00e1ltala szervezett esem\u00e9nyekr\u0151l, felm\u00e9r\u00e9sekr\u0151l, az Egyes\u00fclettel kapcsolatos h\u00edrekr\u0151l.\" \/><span class=\"wpcf7-list-item-label\">Hozz\u00e1j\u00e1rulok ahhoz, hogy a Pro Veritate K\u00f6zhaszn\u00fa Egyes\u00fclet t\u00e1j\u00e9koztat\u00f3 levelet k\u00fcldj\u00f6n r\u00e9szemre az \u00e1ltala szervezett esem\u00e9nyekr\u0151l, felm\u00e9r\u00e9sekr\u0151l, az Egyes\u00fclettel kapcsolatos h\u00edrekr\u0151l.<\/span><\/span><\/span><\/span>\n<\/p>\n<p><input class=\"wpcf7-form-control wpcf7-submit has-spinner\" type=\"submit\" value=\"Bek\u00fcld\u00e9s\" \/>\n<\/p><div class=\"wpcf7-response-output\" aria-hidden=\"true\"><\/div>\n<\/form>\n<\/div>\n\n","protected":false},"excerpt":{"rendered":"<p>nem term\u00e9szetes szem\u00e9ly r\u00e9sz\u00e9re Amennyiben term\u00e9szetes szem\u00e9lyk\u00e9nt k\u00edv\u00e1nja beny\u00fajtani k\u00e9relm\u00e9t, azt a k\u00f6vetkez\u0151 \u0171rlap kit\u00f6lt\u00e9s\u00e9vel teheti meg: Tagfelv\u00e9teli k\u00e9relem term\u00e9szetes szem\u00e9ly r\u00e9sz\u00e9re.<\/p>\n","protected":false},"author":1,"featured_media":0,"parent":0,"menu_order":0,"comment_status":"closed","ping_status":"closed","template":"","meta":{"footnotes":""},"class_list":["post-4490","page","type-page","status-publish","hentry"],"_links":{"self":[{"href":"https:\/\/www.proveritate.hu\/index.php\/wp-json\/wp\/v2\/pages\/4490","targetHints":{"allow":["GET"]}}],"collection":[{"href":"https:\/\/www.proveritate.hu\/index.php\/wp-json\/wp\/v2\/pages"}],"about":[{"href":"https:\/\/www.proveritate.hu\/index.php\/wp-json\/wp\/v2\/types\/page"}],"author":[{"embeddable":true,"href":"https:\/\/www.proveritate.hu\/index.php\/wp-json\/wp\/v2\/users\/1"}],"replies":[{"embeddable":true,"href":"https:\/\/www.proveritate.hu\/index.php\/wp-json\/wp\/v2\/comments?post=4490"}],"version-history":[{"count":4,"href":"https:\/\/www.proveritate.hu\/index.php\/wp-json\/wp\/v2\/pages\/4490\/revisions"}],"predecessor-version":[{"id":5363,"href":"https:\/\/www.proveritate.hu\/index.php\/wp-json\/wp\/v2\/pages\/4490\/revisions\/5363"}],"wp:attachment":[{"href":"https:\/\/www.proveritate.hu\/index.php\/wp-json\/wp\/v2\/media?parent=4490"}],"curies":[{"name":"wp","href":"https:\/\/api.w.org\/{rel}","templated":true}]}}