{"id":4011,"date":"2025-01-06T13:11:00","date_gmt":"2025-01-06T12:11:00","guid":{"rendered":"https:\/\/www.proveritate.hu\/?page_id=4011"},"modified":"2025-04-07T17:29:23","modified_gmt":"2025-04-07T15:29:23","slug":"tagfelveteli-kerelem","status":"publish","type":"page","link":"https:\/\/www.proveritate.hu\/index.php\/tagfelveteli-kerelem\/","title":{"rendered":"Tagfelv\u00e9teli k\u00e9relem"},"content":{"rendered":"\n<p class=\"has-text-align-center\"><strong>term\u00e9szetes szem\u00e9ly r\u00e9sz\u00e9re<\/strong><\/p>\n\n\n\n<div style=\"height:40px\" aria-hidden=\"true\" class=\"wp-block-spacer\"><\/div>\n\n\n\n<p class=\"has-small-font-size\">Amennyiben jogi szem\u00e9lyk\u00e9nt vagy jogi szem\u00e9lyis\u00e9ggel nem rendelkez\u0151 szervezetk\u00e9nt k\u00edv\u00e1nja beny\u00fajtani k\u00e9relm\u00e9t, azt a k\u00f6vetkez\u0151 \u0171rlap kit\u00f6lt\u00e9s\u00e9vel teheti meg: <a href=\"https:\/\/www.proveritate.hu\/index.php\/tagfelveteli-kerelem-2\/\">Tagfelv\u00e9teli k\u00e9relem nem term\u00e9szetes szem\u00e9ly r\u00e9sz\u00e9re<\/a>.<\/p>\n\n\n\n<div style=\"height:40px\" aria-hidden=\"true\" class=\"wp-block-spacer\"><\/div>\n\n\n\n<div class=\"wpcf7 no-js\" id=\"wpcf7-f4010-o1\" lang=\"hu-HU\" dir=\"ltr\" data-wpcf7-id=\"4010\">\n<div class=\"screen-reader-response\"><p role=\"status\" aria-live=\"polite\" aria-atomic=\"true\"><\/p> <ul><\/ul><\/div>\n<form action=\"\/index.php\/wp-json\/wp\/v2\/pages\/4011#wpcf7-f4010-o1\" method=\"post\" class=\"wpcf7-form init\" aria-label=\"Kapcsolatfelv\u00e9teli \u0171rlap\" novalidate=\"novalidate\" data-status=\"init\">\n<fieldset class=\"hidden-fields-container\"><input type=\"hidden\" name=\"_wpcf7\" value=\"4010\" \/><input type=\"hidden\" name=\"_wpcf7_version\" value=\"6.1.5\" \/><input type=\"hidden\" name=\"_wpcf7_locale\" value=\"hu_HU\" \/><input type=\"hidden\" name=\"_wpcf7_unit_tag\" value=\"wpcf7-f4010-o1\" \/><input type=\"hidden\" name=\"_wpcf7_container_post\" value=\"0\" \/><input type=\"hidden\" name=\"_wpcf7_posted_data_hash\" value=\"\" \/><input type=\"hidden\" name=\"_wpcf7cf_hidden_group_fields\" value=\"[]\" \/><input type=\"hidden\" name=\"_wpcf7cf_hidden_groups\" value=\"[]\" \/><input type=\"hidden\" name=\"_wpcf7cf_visible_groups\" value=\"[]\" \/><input type=\"hidden\" name=\"_wpcf7cf_repeaters\" value=\"[]\" \/><input type=\"hidden\" name=\"_wpcf7cf_steps\" value=\"{}\" \/><input type=\"hidden\" name=\"_wpcf7cf_options\" value=\"{&quot;form_id&quot;:4010,&quot;conditions&quot;:[{&quot;then_field&quot;:&quot;group-hallgatoi&quot;,&quot;and_rules&quot;:[{&quot;if_field&quot;:&quot;checkbox-190&quot;,&quot;operator&quot;:&quot;equals&quot;,&quot;if_value&quot;:&quot;Hallgat\\u00f3i st\\u00e1tuszban k\\u00e9rem felv\\u00e9telemet!&quot;}]},{&quot;then_field&quot;:&quot;group-statusz&quot;,&quot;and_rules&quot;:[{&quot;if_field&quot;:&quot;jogallas&quot;,&quot;operator&quot;:&quot;not equals&quot;,&quot;if_value&quot;:&quot;tiszteletbeli tag&quot;}]}],&quot;settings&quot;:{&quot;animation&quot;:&quot;yes&quot;,&quot;animation_intime&quot;:&quot;200&quot;,&quot;animation_outtime&quot;:&quot;200&quot;,&quot;conditions_ui&quot;:&quot;normal&quot;,&quot;notice_dismissed&quot;:&quot;&quot;}}\" \/><input type=\"hidden\" name=\"_yeeaddons_cf7_repeater_fields\" value=\"\" \/><input type=\"hidden\" name=\"_wpcf7_recaptcha_response\" value=\"\" \/>\n<\/fieldset>\n<p><i>FIGYELEM!<\/i>\n<\/p>\n<ul>\n\t<li>\n\t\t<p><i>A k\u00e9relem beny\u00fajt\u00e1sa el\u0151tt k\u00e9rj\u00fck, olvassa el <a href=\"https:\/\/www.proveritate.hu\/index.php\/alapszabaly\/\">Alapszab\u00e1ly<\/a>unkat \u00e9s <a href=\"https:\/\/www.proveritate.hu\/index.php\/adatkezelesi-tajekoztato\/\">Adatkezel\u00e9si T\u00e1j\u00e9koztat\u00f3<\/a>nkat.<\/i>\n\t\t<\/p>\n\t<\/li>\n\t<li>\n\t\t<p><i>A *-gal jel\u00f6lt mez\u0151k kit\u00f6lt\u00e9se k\u00f6telez\u0151.<\/i>\n\t\t<\/p>\n\t<\/li>\n<\/ul>\n<hr \/>\n<h6>A k\u00e9relmez\u0151 szem\u00e9lyes adatai\n<\/h6>\n<p><strong>Alapadatok<\/strong><br \/>\n<i>Az Alapszab\u00e1ly 5. \u00a7 (2) bekezd\u00e9s\u00e9nek b) pontja alapj\u00e1n - figyelemmel a 4. \u00a7 (3) bekezd\u00e9s a) pontj\u00e1nak aa)-ac) alpontjaira.<\/i>\n<\/p>\n<p><label> N\u00e9v*<br \/>\n<i>Titulus, vezet\u00e9kn\u00e9v(ek), keresztn\u00e9v(ek)<\/i><br \/>\n<span class=\"wpcf7-form-control-wrap\" data-name=\"text-nev\"><input size=\"40\" maxlength=\"400\" class=\"wpcf7-form-control wpcf7-text wpcf7-validates-as-required\" aria-required=\"true\" aria-invalid=\"false\" value=\"\" type=\"text\" name=\"text-nev\" \/><\/span><\/label>\n<\/p>\n<p><label> Sz\u00fclet\u00e9si helye*<br \/>\n<span class=\"wpcf7-form-control-wrap\" data-name=\"text-szulhely\"><input size=\"40\" maxlength=\"400\" class=\"wpcf7-form-control wpcf7-text wpcf7-validates-as-required\" aria-required=\"true\" aria-invalid=\"false\" value=\"\" type=\"text\" name=\"text-szulhely\" \/><\/span><\/label>\n<\/p>\n<p><label> Sz\u00fclet\u00e9si ideje*<br \/>\n<span class=\"wpcf7-form-control-wrap\" data-name=\"date-szulido\"><input class=\"wpcf7-form-control wpcf7-date wpcf7-validates-as-required wpcf7-validates-as-date\" max=\"2015-01-01\" aria-required=\"true\" aria-invalid=\"false\" value=\"\" type=\"date\" name=\"date-szulido\" \/><\/span><\/label>\n<\/p>\n<p><label> Anyja neve*<br \/>\n<span class=\"wpcf7-form-control-wrap\" data-name=\"text-anyjan\"><input size=\"40\" maxlength=\"400\" class=\"wpcf7-form-control wpcf7-text wpcf7-validates-as-required\" aria-required=\"true\" aria-invalid=\"false\" value=\"\" type=\"text\" name=\"text-anyjan\" \/><\/span><\/label>\n<\/p>\n<p><strong>El\u00e9rhet\u0151s\u00e9gek<\/strong><br \/>\n<i>Az Alapszab\u00e1ly 5. \u00a7 (2) bekezd\u00e9s\u00e9nek b) pontja alapj\u00e1n - figyelemmel a 4. \u00a7 (3) bekezd\u00e9s a) pontj\u00e1nak ad)-af) alpontjaira.<\/i>\n<\/p>\n<p><label> Lak\u00f3helye*<br \/>\n<i>Ir\u00e1ny\u00edt\u00f3sz\u00e1m, telep\u00fcl\u00e9s, k\u00f6zter\u00fclet neve \u00e9s jellege, h\u00e1zsz\u00e1m (helyrajzisz\u00e1m), orsz\u00e1g<\/i><br \/>\n<span class=\"wpcf7-form-control-wrap\" data-name=\"text-lakhely\"><input size=\"40\" maxlength=\"400\" class=\"wpcf7-form-control wpcf7-text wpcf7-validates-as-required\" aria-required=\"true\" aria-invalid=\"false\" value=\"\" type=\"text\" name=\"text-lakhely\" \/><\/span><\/label>\n<\/p>\n<p><label> Elektronikus lev\u00e9l (e-mail) c\u00edme*<br \/>\n<span class=\"wpcf7-form-control-wrap\" data-name=\"email-344\"><input size=\"40\" maxlength=\"400\" class=\"wpcf7-form-control wpcf7-email wpcf7-validates-as-required wpcf7-text wpcf7-validates-as-email\" aria-required=\"true\" aria-invalid=\"false\" value=\"\" type=\"email\" name=\"email-344\" \/><\/span><\/label>\n<\/p>\n<p><label> Elektronikus lev\u00e9l (e-mail) c\u00edm meger\u0151s\u00edt\u00e9se*<br \/>\n<span class=\"wpcf7-form-control-wrap\" data-name=\"email-345\"><input size=\"40\" maxlength=\"400\" class=\"wpcf7-form-control wpcf7-email wpcf7-validates-as-required wpcf7-text wpcf7-validates-as-email\" aria-required=\"true\" aria-invalid=\"false\" value=\"\" type=\"email\" name=\"email-345\" \/><\/span><\/label>\n<\/p>\n<p><label> Telefonsz\u00e1ma*<br \/>\n<i>Form\u00e1tum: \"36701234567\"<\/i><br \/>\n<span class=\"wpcf7-form-control-wrap\" data-name=\"tel-953\"><input size=\"40\" maxlength=\"400\" class=\"wpcf7-form-control wpcf7-tel wpcf7-validates-as-required wpcf7-text wpcf7-validates-as-tel\" aria-required=\"true\" aria-invalid=\"false\" value=\"\" type=\"tel\" name=\"tel-953\" \/><\/span><\/label>\n<\/p>\n<p><strong>Kompetenci\u00e1k<\/strong><br \/>\n<i>Az Alapszab\u00e1ly 5. \u00a7 (2) bekezd\u00e9s\u00e9nek b) pontja alapj\u00e1n - figyelemmel a 4. \u00a7 (3) bekezd\u00e9s a) pontj\u00e1nak ag)-ah) alpontjaira.<\/i>\n<\/p>\n<p><label> Legmagasabb iskolai v\u00e9gzetts\u00e9ge*<br \/>\n<span class=\"wpcf7-form-control-wrap\" data-name=\"iskola-867\"><select class=\"wpcf7-form-control wpcf7-select\" aria-invalid=\"false\" name=\"iskola-867\"><option value=\"-- K\u00e9rj\u00fck, v\u00e1lasszon! --\">-- K\u00e9rj\u00fck, v\u00e1lasszon! --<\/option><option value=\"fels\u0151fok\u00fa - doktori k\u00e9pz\u00e9s (PhD, DLA)\">fels\u0151fok\u00fa - doktori k\u00e9pz\u00e9s (PhD, DLA)<\/option><option value=\"fels\u0151fok\u00fa - egyetem vagy mesterk\u00e9pz\u00e9s\">fels\u0151fok\u00fa - egyetem vagy mesterk\u00e9pz\u00e9s<\/option><option value=\"fels\u0151fok\u00fa - f\u0151iskola vagy alapk\u00e9pz\u00e9s\">fels\u0151fok\u00fa - f\u0151iskola vagy alapk\u00e9pz\u00e9s<\/option><option value=\"k\u00f6z\u00e9pfok\u00fa - \u00e9retts\u00e9givel \u00e9s szakmai v\u00e9gzetts\u00e9ggel\">k\u00f6z\u00e9pfok\u00fa - \u00e9retts\u00e9givel \u00e9s szakmai v\u00e9gzetts\u00e9ggel<\/option><option value=\"k\u00f6z\u00e9pfok\u00fa - \u00e9retts\u00e9givel, szakmai v\u00e9gzetts\u00e9g n\u00e9lk\u00fcl\">k\u00f6z\u00e9pfok\u00fa - \u00e9retts\u00e9givel, szakmai v\u00e9gzetts\u00e9g n\u00e9lk\u00fcl<\/option><option value=\"k\u00f6z\u00e9pfok\u00fa - szakmai v\u00e9gzetts\u00e9ggel, \u00e9retts\u00e9gi n\u00e9lk\u00fcl\">k\u00f6z\u00e9pfok\u00fa - szakmai v\u00e9gzetts\u00e9ggel, \u00e9retts\u00e9gi n\u00e9lk\u00fcl<\/option><option value=\"\u00e1ltal\u00e1nos iskola 8. oszt\u00e1ly\">\u00e1ltal\u00e1nos iskola 8. oszt\u00e1ly<\/option><option value=\"8 \u00e1ltal\u00e1nos iskol\u00e1n\u00e1l kevesebb\">8 \u00e1ltal\u00e1nos iskol\u00e1n\u00e1l kevesebb<\/option><option value=\"egy\u00e9b\">egy\u00e9b<\/option><\/select><\/span><\/label>\n<\/p>\n<p><label> Foglalkoz\u00e1sa*<br \/>\n<span class=\"wpcf7-form-control-wrap\" data-name=\"text-foglalk\"><input size=\"40\" maxlength=\"400\" class=\"wpcf7-form-control wpcf7-text wpcf7-validates-as-required\" aria-required=\"true\" aria-invalid=\"false\" value=\"\" type=\"text\" name=\"text-foglalk\" \/><\/span><\/label>\n<\/p>\n<h6>Jog\u00e1ll\u00e1s (st\u00e1tusz)\n<\/h6>\n<p><strong>Jog\u00e1ll\u00e1s<\/strong>\n<\/p>\n<p><label> K\u00e9rj\u00fck, v\u00e1lasszon!*<\/label><br \/>\n<span class=\"wpcf7-form-control-wrap\" data-name=\"jogallas\"><span class=\"wpcf7-form-control wpcf7-radio\"><span class=\"wpcf7-list-item first\"><label><input type=\"radio\" name=\"jogallas\" value=\"rendes tag\" checked=\"checked\" \/><span class=\"wpcf7-list-item-label\">rendes tag<\/span><\/label><\/span><span class=\"wpcf7-list-item last\"><label><input type=\"radio\" name=\"jogallas\" value=\"p\u00e1rtol\u00f3 tag\" \/><span class=\"wpcf7-list-item-label\">p\u00e1rtol\u00f3 tag<\/span><\/label><\/span><\/span><\/span>\n<\/p>\n<p><i><b>Rendes tag: <\/b>A rendes tag szem\u00e9ly\u00e9vel (tev\u00e9kenys\u00e9g\u00e9vel) \u00e9s vagyoni hozz\u00e1j\u00e1rul\u00e1s\u00e1val (\u00e9ves tagd\u00edjjal) egyar\u00e1nt hozz\u00e1j\u00e1rul az Egyes\u00fclet c\u00e9ljainak el\u00e9r\u00e9shez. Az Alapszab\u00e1ly 8\/A. \u00a7-\u00e1nak (3) bekezd\u00e9se alapj\u00e1n az Egyes\u00fclet rendes tagja 18. \u00e9let\u00e9v\u00e9t bet\u00f6lt\u00f6tt k\u00fclf\u00f6ldi vagy magyar term\u00e9szetes szem\u00e9ly, jogi szem\u00e9ly, vagy jogi szem\u00e9lyis\u00e9ggel nem rendelkez\u0151 szervezet lehet. A rendes tag k\u00f6teles r\u00e9szt venni az Egyes\u00fclet tev\u00e9kenys\u00e9geiben, azok megszervez\u00e9s\u00e9ben, \u00e9s k\u00f6teles k\u00f6zrem\u0171k\u00f6dni az Egyes\u00fclet c\u00e9ljainak megval\u00f3s\u00edt\u00e1s\u00e1ban. A rendes tag az Egyes\u00fcletben szavazati joggal, illetve akt\u00edv \u00e9s passz\u00edv v\u00e1laszt\u00f3joggal is rendelkezik.<\/i><br \/>\n<i><b>P\u00e1rtol\u00f3 tag: <\/b>A p\u00e1rtol\u00f3 tag nem els\u0151sorban szem\u00e9ly\u00e9vel (tev\u00e9kenys\u00e9g\u00e9vel), hanem vagyoni hozz\u00e1j\u00e1rul\u00e1s\u00e1val (\u00e9ves tagd\u00edjjal) j\u00e1rul hozz\u00e1 az Egyes\u00fclet c\u00e9ljainak el\u00e9r\u00e9shez. Az Alapszab\u00e1ly 8\/B. \u00a7-\u00e1nak (1) bekezd\u00e9se alapj\u00e1n az Egyes\u00fclet p\u00e1rtol\u00f3 tagja 18. \u00e9let\u00e9v\u00e9t bet\u00f6lt\u00f6tt k\u00fclf\u00f6ldi vagy magyar term\u00e9szetes szem\u00e9ly, jogi szem\u00e9ly, vagy jogi szem\u00e9lyis\u00e9ggel nem rendelkez\u0151 szervezet lehet. A p\u00e1rtol\u00f3 tag az Egyes\u00fclet sz\u00e1m\u00e1ra teljes\u00edtend\u0151 vagyoni hozz\u00e1j\u00e1rul\u00e1ssal (tagd\u00edjjal) vagy az Egyes\u00fclet sz\u00e1m\u00e1ra ingyenesen (kedvezm\u00e9nyesen) v\u00e9gzett munk\u00e1val (ny\u00fajtott szolg\u00e1ltat\u00e1ssal) t\u00e1mogatja az Egyes\u00fclet c\u00e9ljainak megval\u00f3s\u00edt\u00e1s\u00e1t. A p\u00e1rtol\u00f3 tag az Egyes\u00fcletben szavazati joggal, illetve akt\u00edv v\u00e1laszt\u00f3joggal nem rendelkezik.<\/i>\n<\/p>\n<div data-id=\"group-statusz\" data-orig_data_id=\"group-statusz\" data-clear_on_hide class=\"\" data-class=\"wpcf7cf_group\">\n\t<p><strong>St\u00e1tusz<\/strong>\n\t<\/p>\n\t<p><span class=\"wpcf7-form-control-wrap\" data-name=\"checkbox-190\"><span class=\"wpcf7-form-control wpcf7-checkbox\"><span class=\"wpcf7-list-item first last\"><label><input type=\"checkbox\" name=\"checkbox-190[]\" value=\"Hallgat\u00f3i st\u00e1tuszban k\u00e9rem felv\u00e9telemet!\" \/><span class=\"wpcf7-list-item-label\">Hallgat\u00f3i st\u00e1tuszban k\u00e9rem felv\u00e9telemet!<\/span><\/label><\/span><\/span><\/span>\n\t<\/p>\n\t<p><i>Az Alapszab\u00e1ly 8\/D. \u00a7-\u00e1nak (1) bekezd\u00e9se alapj\u00e1n az Egyes\u00fclet hallgat\u00f3i st\u00e1tusz\u00fa tagja az a k\u00fclf\u00f6ldi vagy magyar tagfelv\u00e9tel\u00e9t k\u00e9relmez\u0151 term\u00e9szetes szem\u00e9ly lehet, aki a nemzeti fels\u0151oktat\u00e1sr\u00f3l sz\u00f3l\u00f3 t\u00f6rv\u00e9ny szerinti (vagy ezzel egyen\u00e9rt\u00e9k\u0171, k\u00fclf\u00f6ldi) igazolhat\u00f3, akt\u00edv hallgat\u00f3i jogviszonnyal rendelkezik. A hallgat\u00f3i st\u00e1tusz\u00fa tag 50% tagd\u00edjkedvezm\u00e9nyben r\u00e9szes\u00fcl. A hallgat\u00f3i st\u00e1tusz\u00fa tagot egyebekben jog\u00e1ll\u00e1sa (rendes, p\u00e1rtol\u00f3) szerinti jogok illetik \u00e9s k\u00f6telezetts\u00e9gek terhelik.<\/i>\n\t<\/p>\n<\/div>\n<div data-id=\"group-hallgatoi\" data-orig_data_id=\"group-hallgatoi\" data-clear_on_hide class=\"\" data-class=\"wpcf7cf_group\">\n\t<p><label> Hallgat\u00f3i jogviszony v\u00e1rhat\u00f3 megsz\u0171n\u00e9s\u00e9nek ideje*<br \/>\n<span class=\"wpcf7-form-control-wrap\" data-name=\"date-hallgatoi_msz\"><input class=\"wpcf7-form-control wpcf7-date wpcf7-validates-as-required wpcf7-validates-as-date\" min=\"2025-04-07\" aria-required=\"true\" aria-invalid=\"false\" value=\"\" type=\"date\" name=\"date-hallgatoi_msz\" \/><\/span><\/label>\n\t<\/p>\n\t<p><i>FIGYELEM!<\/i><br \/>\n<i>Az Alapszab\u00e1ly 5. \u00a7 (2) bekezd\u00e9s\u00e9nek g) pontja alapj\u00e1n igazolnia sz\u00fcks\u00e9ges hallgat\u00f3i jogviszony\u00e1t, amelyhez k\u00e9rj\u00fck, az al\u00e1bbiakr\u00f3l nyilatkozzon!<\/i>\n\t<\/p>\n\t<p><label> Fels\u0151oktat\u00e1si int\u00e9zm\u00e9ny neve*<br \/>\n<i>K\u00e9rj\u00fck, nevezze meg azt a fels\u0151oktat\u00e1si int\u00e9zm\u00e9nyt, amellyel jelenleg a nemzeti fels\u0151oktat\u00e1sr\u00f3l sz\u00f3l\u00f3 t\u00f6rv\u00e9ny szerinti (vagy ezzel egyen\u00e9rt\u00e9k\u0171, k\u00fclf\u00f6ldi) igazolhat\u00f3, akt\u00edv hallgat\u00f3i jogviszonya \u00e1ll fenn.<\/i><br \/>\n<span class=\"wpcf7-form-control-wrap\" data-name=\"text-egyetem\"><input size=\"40\" maxlength=\"400\" class=\"wpcf7-form-control wpcf7-text wpcf7-validates-as-required\" aria-required=\"true\" aria-invalid=\"false\" value=\"\" type=\"text\" name=\"text-egyetem\" \/><\/span><\/label>\n\t<\/p>\n\t<p><label> Szak, k\u00e9pz\u00e9s megnevez\u00e9se*<br \/>\n<span class=\"wpcf7-form-control-wrap\" data-name=\"text-szak\"><input size=\"40\" maxlength=\"400\" class=\"wpcf7-form-control wpcf7-text wpcf7-validates-as-required\" aria-required=\"true\" aria-invalid=\"false\" value=\"\" type=\"text\" name=\"text-szak\" \/><\/span><\/label>\n\t<\/p>\n<\/div>\n<h6>\u00dczenetek, nyilatkozatok\n<\/h6>\n<p><strong>\u00dczenetk\u00fcld\u00e9s<\/strong>\n<\/p>\n<p><label> \u00dczenet az Eln\u00f6ks\u00e9gnek<br \/>\n<i>Amennyiben b\u00e1rmilyen fontos inform\u00e1ci\u00f3t meg k\u00edv\u00e1n osztani az Eln\u00f6ks\u00e9ggel, vagy b\u00e1rmilyen kieg\u00e9sz\u00edt\u00e9st, megjegyz\u00e9st tenne az k\u00e9relm\u00e9hez, itt megteheti.<\/i><br \/>\n<span class=\"wpcf7-form-control-wrap\" data-name=\"uzenet\"><textarea cols=\"40\" rows=\"10\" maxlength=\"2000\" class=\"wpcf7-form-control wpcf7-textarea\" aria-invalid=\"false\" name=\"uzenet\"><\/textarea><\/span><br \/>\n<\/label>\n<\/p>\n<p><strong>Nyilatkozatok<\/strong>\n<\/p>\n<p><span class=\"wpcf7-form-control-wrap\" data-name=\"accep_belep\"><span class=\"wpcf7-form-control wpcf7-acceptance\"><span class=\"wpcf7-list-item\"><label><input type=\"checkbox\" name=\"accep_belep\" value=\"1\" aria-invalid=\"false\" \/><span class=\"wpcf7-list-item-label\">Nyilatkozom, hogy a Pro Veritate K\u00f6zhaszn\u00fa Egyes\u00fclet tagja k\u00edv\u00e1nok lenni; szem\u00e9lyemben nem \u00e1ll fenn egyes\u00fcleti tags\u00e1got kiz\u00e1r\u00f3 vagy korl\u00e1toz\u00f3 hat\u00e1rozat, illetve jogszab\u00e1lyi vagy Alapszab\u00e1lyb\u00e9li rendelkez\u00e9s; megismertem \u00e9s elfogadom az Egyes\u00fclet c\u00e9ljait \u00e9s az <a href=\"https:\/\/www.proveritate.hu\/index.php\/alapszabaly\/\">Alapszab\u00e1ly<\/a>t.*<\/span><\/label><\/span><\/span><\/span>\n<\/p>\n<p><span class=\"wpcf7-form-control-wrap\" data-name=\"accep_adatkez\"><span class=\"wpcf7-form-control wpcf7-acceptance\"><span class=\"wpcf7-list-item\"><label><input type=\"checkbox\" name=\"accep_adatkez\" value=\"1\" aria-invalid=\"false\" \/><span class=\"wpcf7-list-item-label\">Elolvastam \u00e9s meg\u00e9rtettem a Pro Veritate K\u00f6zhaszn\u00fa Egyes\u00fclet <a href=\"https:\/\/www.proveritate.hu\/index.php\/adatkezelesi-tajekoztato\/\">Adatkezel\u00e9si T\u00e1j\u00e9koztat\u00f3<\/a>j\u00e1t, amely alapj\u00e1n hozz\u00e1j\u00e1rul\u00e1somat adom a szem\u00e9lyes adataim kezel\u00e9s\u00e9hez.*<\/span><\/label><\/span><\/span><\/span>\n<\/p>\n<p><span class=\"wpcf7-form-control-wrap\" data-name=\"accep_valosadatok\"><span class=\"wpcf7-form-control wpcf7-acceptance\"><span class=\"wpcf7-list-item\"><label><input type=\"checkbox\" name=\"accep_valosadatok\" value=\"1\" aria-invalid=\"false\" \/><span class=\"wpcf7-list-item-label\">B\u00fcntet\u0151jogi felel\u0151ss\u00e9gem tudat\u00e1ban kijelentem, hogy a jelen k\u00e9relemben foglalt adatok, nyilatkozatok a val\u00f3s\u00e1gnak marad\u00e9ktalanul megfelelnek.*<\/span><\/label><\/span><\/span><\/span>\n<\/p>\n<p><span class=\"wpcf7-form-control-wrap\" data-name=\"accephirlev\"><span class=\"wpcf7-form-control wpcf7-checkbox\"><span class=\"wpcf7-list-item first last\"><input type=\"checkbox\" name=\"accephirlev[]\" value=\"Hozz\u00e1j\u00e1rulok ahhoz, hogy a Pro Veritate K\u00f6zhaszn\u00fa Egyes\u00fclet t\u00e1j\u00e9koztat\u00f3 levelet k\u00fcldj\u00f6n r\u00e9szemre az \u00e1ltala szervezett esem\u00e9nyekr\u0151l, felm\u00e9r\u00e9sekr\u0151l, az Egyes\u00fclettel kapcsolatos h\u00edrekr\u0151l.\" \/><span class=\"wpcf7-list-item-label\">Hozz\u00e1j\u00e1rulok ahhoz, hogy a Pro Veritate K\u00f6zhaszn\u00fa Egyes\u00fclet t\u00e1j\u00e9koztat\u00f3 levelet k\u00fcldj\u00f6n r\u00e9szemre az \u00e1ltala szervezett esem\u00e9nyekr\u0151l, felm\u00e9r\u00e9sekr\u0151l, az Egyes\u00fclettel kapcsolatos h\u00edrekr\u0151l.<\/span><\/span><\/span><\/span>\n<\/p>\n<p><input class=\"wpcf7-form-control wpcf7-submit has-spinner\" type=\"submit\" value=\"Bek\u00fcld\u00e9s\" \/>\n<\/p><div class=\"wpcf7-response-output\" aria-hidden=\"true\"><\/div>\n<\/form>\n<\/div>\n\n","protected":false},"excerpt":{"rendered":"<p>term\u00e9szetes szem\u00e9ly r\u00e9sz\u00e9re Amennyiben jogi szem\u00e9lyk\u00e9nt vagy jogi szem\u00e9lyis\u00e9ggel nem rendelkez\u0151 szervezetk\u00e9nt k\u00edv\u00e1nja beny\u00fajtani k\u00e9relm\u00e9t, azt a k\u00f6vetkez\u0151 \u0171rlap kit\u00f6lt\u00e9s\u00e9vel teheti meg: Tagfelv\u00e9teli k\u00e9relem nem term\u00e9szetes szem\u00e9ly r\u00e9sz\u00e9re.<\/p>\n","protected":false},"author":1,"featured_media":0,"parent":0,"menu_order":0,"comment_status":"closed","ping_status":"closed","template":"","meta":{"footnotes":""},"class_list":["post-4011","page","type-page","status-publish","hentry"],"_links":{"self":[{"href":"https:\/\/www.proveritate.hu\/index.php\/wp-json\/wp\/v2\/pages\/4011","targetHints":{"allow":["GET"]}}],"collection":[{"href":"https:\/\/www.proveritate.hu\/index.php\/wp-json\/wp\/v2\/pages"}],"about":[{"href":"https:\/\/www.proveritate.hu\/index.php\/wp-json\/wp\/v2\/types\/page"}],"author":[{"embeddable":true,"href":"https:\/\/www.proveritate.hu\/index.php\/wp-json\/wp\/v2\/users\/1"}],"replies":[{"embeddable":true,"href":"https:\/\/www.proveritate.hu\/index.php\/wp-json\/wp\/v2\/comments?post=4011"}],"version-history":[{"count":8,"href":"https:\/\/www.proveritate.hu\/index.php\/wp-json\/wp\/v2\/pages\/4011\/revisions"}],"predecessor-version":[{"id":4494,"href":"https:\/\/www.proveritate.hu\/index.php\/wp-json\/wp\/v2\/pages\/4011\/revisions\/4494"}],"wp:attachment":[{"href":"https:\/\/www.proveritate.hu\/index.php\/wp-json\/wp\/v2\/media?parent=4011"}],"curies":[{"name":"wp","href":"https:\/\/api.w.org\/{rel}","templated":true}]}}