{"id":2619,"date":"2024-03-04T00:32:02","date_gmt":"2024-03-03T23:32:02","guid":{"rendered":"https:\/\/www.proveritate.hu\/?page_id=2619"},"modified":"2024-03-04T00:35:37","modified_gmt":"2024-03-03T23:35:37","slug":"kapcsolat","status":"publish","type":"page","link":"https:\/\/www.proveritate.hu\/index.php\/kapcsolat\/","title":{"rendered":"Kapcsolat"},"content":{"rendered":"\n<div class=\"wpcf7 no-js\" id=\"wpcf7-f1422-o1\" lang=\"hu-HU\" dir=\"ltr\" data-wpcf7-id=\"1422\">\n<div class=\"screen-reader-response\"><p role=\"status\" aria-live=\"polite\" aria-atomic=\"true\"><\/p> <ul><\/ul><\/div>\n<form action=\"\/index.php\/wp-json\/wp\/v2\/pages\/2619#wpcf7-f1422-o1\" method=\"post\" class=\"wpcf7-form init\" aria-label=\"Kapcsolatfelv\u00e9teli \u0171rlap\" enctype=\"multipart\/form-data\" novalidate=\"novalidate\" data-status=\"init\">\n<fieldset class=\"hidden-fields-container\"><input type=\"hidden\" name=\"_wpcf7\" value=\"1422\" \/><input type=\"hidden\" name=\"_wpcf7_version\" value=\"6.1.5\" \/><input type=\"hidden\" name=\"_wpcf7_locale\" value=\"hu_HU\" \/><input type=\"hidden\" name=\"_wpcf7_unit_tag\" value=\"wpcf7-f1422-o1\" \/><input type=\"hidden\" name=\"_wpcf7_container_post\" value=\"0\" \/><input type=\"hidden\" name=\"_wpcf7_posted_data_hash\" value=\"\" \/><input type=\"hidden\" name=\"_wpcf7cf_hidden_group_fields\" value=\"[]\" \/><input type=\"hidden\" name=\"_wpcf7cf_hidden_groups\" value=\"[]\" \/><input type=\"hidden\" name=\"_wpcf7cf_visible_groups\" value=\"[]\" \/><input type=\"hidden\" name=\"_wpcf7cf_repeaters\" value=\"[]\" \/><input type=\"hidden\" name=\"_wpcf7cf_steps\" value=\"{}\" \/><input type=\"hidden\" name=\"_wpcf7cf_options\" value=\"{&quot;form_id&quot;:1422,&quot;conditions&quot;:[{&quot;then_field&quot;:&quot;group-kerelem&quot;,&quot;and_rules&quot;:[{&quot;if_field&quot;:&quot;menu-targy&quot;,&quot;operator&quot;:&quot;equals&quot;,&quot;if_value&quot;:&quot;Tags\\u00e1gi jogviszony&quot;}]},{&quot;then_field&quot;:&quot;group-adatigenyles&quot;,&quot;and_rules&quot;:[{&quot;if_field&quot;:&quot;menu-targy&quot;,&quot;operator&quot;:&quot;equals&quot;,&quot;if_value&quot;:&quot;Adatig\\u00e9nyl\\u00e9s&quot;}]},{&quot;then_field&quot;:&quot;group-jogorvoslat&quot;,&quot;and_rules&quot;:[{&quot;if_field&quot;:&quot;menu-targy&quot;,&quot;operator&quot;:&quot;equals&quot;,&quot;if_value&quot;:&quot;Jogorvoslat&quot;}]}],&quot;settings&quot;:{&quot;animation&quot;:&quot;yes&quot;,&quot;animation_intime&quot;:&quot;200&quot;,&quot;animation_outtime&quot;:&quot;200&quot;,&quot;conditions_ui&quot;:&quot;normal&quot;,&quot;notice_dismissed&quot;:&quot;&quot;}}\" \/><input type=\"hidden\" name=\"_yeeaddons_cf7_repeater_fields\" value=\"\" \/><input type=\"hidden\" name=\"_wpcf7_recaptcha_response\" value=\"\" \/>\n<\/fieldset>\n<p><label> N\u00e9v *<br \/>\n<span class=\"wpcf7-form-control-wrap\" data-name=\"nev\"><input size=\"40\" maxlength=\"400\" minlength=\"5\" class=\"wpcf7-form-control wpcf7-text wpcf7-validates-as-required\" aria-required=\"true\" aria-invalid=\"false\" value=\"\" type=\"text\" name=\"nev\" \/><\/span> <\/label>\n<\/p>\n<p><label> E-mail c\u00edm *<br \/>\n<span class=\"wpcf7-form-control-wrap\" data-name=\"email-441\"><input size=\"40\" maxlength=\"400\" class=\"wpcf7-form-control wpcf7-email wpcf7-validates-as-required wpcf7-text wpcf7-validates-as-email\" aria-required=\"true\" aria-invalid=\"false\" value=\"\" type=\"email\" name=\"email-441\" \/><\/span> <\/label>\n<\/p>\n<p><label> E-mail c\u00edm (meger\u0151s\u00edt\u00e9s) *<br \/>\n<span class=\"wpcf7-form-control-wrap\" data-name=\"email-154\"><input size=\"40\" maxlength=\"400\" class=\"wpcf7-form-control wpcf7-email wpcf7-validates-as-required wpcf7-text wpcf7-validates-as-email\" aria-required=\"true\" aria-invalid=\"false\" value=\"\" type=\"email\" name=\"email-154\" \/><\/span> <\/label>\n<\/p>\n<p><label> Kateg\u00f3ria *<br \/>\n<span class=\"wpcf7-form-control-wrap\" data-name=\"menu-targy\"><select class=\"wpcf7-form-control wpcf7-select wpcf7-validates-as-required\" aria-required=\"true\" aria-invalid=\"false\" name=\"menu-targy\"><option value=\"--K\u00e9rj\u00fck, v\u00e1lasszon!--\">--K\u00e9rj\u00fck, v\u00e1lasszon!--<\/option><option value=\"Adatig\u00e9nyl\u00e9s\">Adatig\u00e9nyl\u00e9s<\/option><option value=\"Adatszolg\u00e1ltat\u00e1s\">Adatszolg\u00e1ltat\u00e1s<\/option><option value=\"Bejelent\u00e9s\">Bejelent\u00e9s<\/option><option value=\"Javaslat\/\u00f6tlet\">Javaslat\/\u00f6tlet<\/option><option value=\"Jogorvoslat\">Jogorvoslat<\/option><option value=\"Tags\u00e1gi jogviszony\">Tags\u00e1gi jogviszony<\/option><option value=\"Megkeres\u00e9s\">Megkeres\u00e9s<\/option><option value=\"Panasz\">Panasz<\/option><option value=\"Egy\u00e9b\">Egy\u00e9b<\/option><\/select><\/span> <\/label>\n<\/p>\n<div data-id=\"group-kerelem\" data-orig_data_id=\"group-kerelem\" data-clear_on_hide class=\"\" data-class=\"wpcf7cf_group\">\n\t<p><label> T\u00e1rgy *<br \/>\n<span class=\"wpcf7-form-control-wrap\" data-name=\"subject2\"><select class=\"wpcf7-form-control wpcf7-select wpcf7-validates-as-required\" aria-required=\"true\" aria-invalid=\"false\" name=\"subject2\"><option value=\"--K\u00e9rj\u00fck, v\u00e1lasszon!--\">--K\u00e9rj\u00fck, v\u00e1lasszon!--<\/option><option value=\"Tagfelv\u00e9teli k\u00e9relem\">Tagfelv\u00e9teli k\u00e9relem<\/option><option value=\"Tags\u00e1gi jog\u00e1ll\u00e1s (st\u00e1tusz) megv\u00e1ltoztat\u00e1sa ir\u00e1nti k\u00e9relem\">Tags\u00e1gi jog\u00e1ll\u00e1s (st\u00e1tusz) megv\u00e1ltoztat\u00e1sa ir\u00e1nti k\u00e9relem<\/option><option value=\"Kil\u00e9p\u0151 nyilatkozat\">Kil\u00e9p\u0151 nyilatkozat<\/option><option value=\"Egy\u00e9b\">Egy\u00e9b<\/option><\/select><\/span><\/label>\n\t<\/p>\n<\/div>\n<div data-id=\"group-adatigenyles\" data-orig_data_id=\"group-adatigenyles\" data-clear_on_hide class=\"\" data-class=\"wpcf7cf_group\">\n\t<p><label> T\u00e1rgy *<br \/>\n<span class=\"wpcf7-form-control-wrap\" data-name=\"subject2\"><select class=\"wpcf7-form-control wpcf7-select wpcf7-validates-as-required\" aria-required=\"true\" aria-invalid=\"false\" name=\"subject2\"><option value=\"--K\u00e9rj\u00fck, v\u00e1lasszon!--\">--K\u00e9rj\u00fck, v\u00e1lasszon!--<\/option><option value=\"Adattov\u00e1bb\u00edt\u00e1sok\">Adattov\u00e1bb\u00edt\u00e1sok<\/option><option value=\"Iratbetekint\u00e9s\">Iratbetekint\u00e9s<\/option><option value=\"Kezelt szem\u00e9lyes adatok\">Kezelt szem\u00e9lyes adatok<\/option><option value=\"K\u00f6z\u00e9rdek\u0171 adatok\">K\u00f6z\u00e9rdek\u0171 adatok<\/option><option value=\"Egy\u00e9b\">Egy\u00e9b<\/option><\/select><\/span><\/label>\n\t<\/p>\n<\/div>\n<div data-id=\"group-jogorvoslat\" data-orig_data_id=\"group-jogorvoslat\" data-clear_on_hide class=\"\" data-class=\"wpcf7cf_group\">\n\t<p><label> T\u00e1rgy *<br \/>\n<span class=\"wpcf7-form-control-wrap\" data-name=\"subject2\"><select class=\"wpcf7-form-control wpcf7-select wpcf7-validates-as-required\" aria-required=\"true\" aria-invalid=\"false\" name=\"subject2\"><option value=\"--K\u00e9rj\u00fck, v\u00e1lasszon!--\">--K\u00e9rj\u00fck, v\u00e1lasszon!--<\/option><option value=\"Fellebbez\u00e9s\">Fellebbez\u00e9s<\/option><option value=\"Panasz\">Panasz<\/option><option value=\"Egy\u00e9b\">Egy\u00e9b<\/option><\/select><\/span><\/label>\n\t<\/p>\n<\/div>\n<p><label> Hivatkoz\u00e1si sz\u00e1m<br \/>\n<span class=\"wpcf7-form-control-wrap\" data-name=\"text-hivsz\"><input size=\"40\" maxlength=\"400\" class=\"wpcf7-form-control wpcf7-text\" aria-invalid=\"false\" value=\"\" type=\"text\" name=\"text-hivsz\" \/><\/span> <\/label>\n<\/p>\n<p><label> C\u00edmzett \u00fcgyint\u00e9z\u0151<br \/>\n<span class=\"wpcf7-form-control-wrap\" data-name=\"text-ui\"><input size=\"40\" maxlength=\"400\" class=\"wpcf7-form-control wpcf7-text\" aria-invalid=\"false\" value=\"\" type=\"text\" name=\"text-ui\" \/><\/span><\/label>\n<\/p>\n<p><label> \u00dczenet *<br \/>\n<span class=\"wpcf7-form-control-wrap\" data-name=\"textarea-txt\"><textarea cols=\"40\" rows=\"10\" maxlength=\"2000\" class=\"wpcf7-form-control wpcf7-textarea wpcf7-validates-as-required\" aria-required=\"true\" aria-invalid=\"false\" name=\"textarea-txt\"><\/textarea><\/span><\/label>\n<\/p>\n<p><label> F\u00e1jl csatol\u00e1sa<br \/>\n<span class=\"wpcf7-form-control-wrap\" data-name=\"file-233\"><input size=\"40\" class=\"wpcf7-form-control wpcf7-file\" accept=\"image\/*,application\/pdf\" aria-invalid=\"false\" type=\"file\" name=\"file-233\" \/><\/span><\/label>\n<\/p>\n<p><span class=\"wpcf7-form-control-wrap\" data-name=\"acceptance-295\"><span class=\"wpcf7-form-control wpcf7-acceptance\"><span class=\"wpcf7-list-item\"><label><input type=\"checkbox\" name=\"acceptance-295\" value=\"1\" aria-invalid=\"false\" \/><span class=\"wpcf7-list-item-label\">Elolvastam \u00e9s meg\u00e9rtettem a Pro Veritate K\u00f6zhaszn\u00fa Egyes\u00fclet <a href=\"https:\/\/www.proveritate.hu\/index.php\/adatkezelesi-tajekoztato\/\">Adatkezel\u00e9si T\u00e1j\u00e9koztat\u00f3<\/a>j\u00e1t, amely alapj\u00e1n hozz\u00e1j\u00e1rul\u00e1somat adom a szem\u00e9lyes adataim kezel\u00e9s\u00e9hez.*<\/span><\/label><\/span><\/span><\/span>\n<\/p>\n<p><span class=\"wpcf7-form-control-wrap\" data-name=\"acceptance-816\"><span class=\"wpcf7-form-control wpcf7-checkbox\"><span class=\"wpcf7-list-item first last\"><input type=\"checkbox\" name=\"acceptance-816[]\" value=\"Hozz\u00e1j\u00e1rulok ahhoz, hogy a Pro Veritate K\u00f6zhaszn\u00fa Egyes\u00fclet t\u00e1j\u00e9koztat\u00f3 levelet k\u00fcldj\u00f6n r\u00e9szemre az \u00e1ltala szervezett esem\u00e9nyekr\u0151l, felm\u00e9r\u00e9sekr\u0151l, az Egyes\u00fclettel kapcsolatos h\u00edrekr\u0151l.\" \/><span class=\"wpcf7-list-item-label\">Hozz\u00e1j\u00e1rulok ahhoz, hogy a Pro Veritate K\u00f6zhaszn\u00fa Egyes\u00fclet t\u00e1j\u00e9koztat\u00f3 levelet k\u00fcldj\u00f6n r\u00e9szemre az \u00e1ltala szervezett esem\u00e9nyekr\u0151l, felm\u00e9r\u00e9sekr\u0151l, az Egyes\u00fclettel kapcsolatos h\u00edrekr\u0151l.<\/span><\/span><\/span><\/span>\n<\/p>\n<p><input class=\"wpcf7-form-control wpcf7-submit has-spinner\" type=\"submit\" value=\"Bek\u00fcld\u00e9s\" \/>\n<\/p><div class=\"wpcf7-response-output\" aria-hidden=\"true\"><\/div>\n<\/form>\n<\/div>\n\n","protected":false},"excerpt":{"rendered":"","protected":false},"author":1,"featured_media":0,"parent":0,"menu_order":0,"comment_status":"closed","ping_status":"closed","template":"","meta":{"footnotes":""},"class_list":["post-2619","page","type-page","status-publish","hentry"],"_links":{"self":[{"href":"https:\/\/www.proveritate.hu\/index.php\/wp-json\/wp\/v2\/pages\/2619","targetHints":{"allow":["GET"]}}],"collection":[{"href":"https:\/\/www.proveritate.hu\/index.php\/wp-json\/wp\/v2\/pages"}],"about":[{"href":"https:\/\/www.proveritate.hu\/index.php\/wp-json\/wp\/v2\/types\/page"}],"author":[{"embeddable":true,"href":"https:\/\/www.proveritate.hu\/index.php\/wp-json\/wp\/v2\/users\/1"}],"replies":[{"embeddable":true,"href":"https:\/\/www.proveritate.hu\/index.php\/wp-json\/wp\/v2\/comments?post=2619"}],"version-history":[{"count":1,"href":"https:\/\/www.proveritate.hu\/index.php\/wp-json\/wp\/v2\/pages\/2619\/revisions"}],"predecessor-version":[{"id":2620,"href":"https:\/\/www.proveritate.hu\/index.php\/wp-json\/wp\/v2\/pages\/2619\/revisions\/2620"}],"wp:attachment":[{"href":"https:\/\/www.proveritate.hu\/index.php\/wp-json\/wp\/v2\/media?parent=2619"}],"curies":[{"name":"wp","href":"https:\/\/api.w.org\/{rel}","templated":true}]}}